{"id":21736,"date":"2022-09-26T12:36:54","date_gmt":"2022-09-26T11:36:54","guid":{"rendered":"https:\/\/willysplan.com\/producto\/route-through-the-bosc-de-les-escultures-%f0%9f%97%bf%f0%9f%8c%b3"},"modified":"2024-10-18T03:13:15","modified_gmt":"2024-10-18T02:13:15","slug":"route-through-the-bosc-de-les-escultures-%f0%9f%97%bf%f0%9f%8c%b3","status":"publish","type":"product","link":"https:\/\/www.willysplan.com\/en\/producto\/route-through-the-bosc-de-les-escultures-%f0%9f%97%bf%f0%9f%8c%b3","title":{"rendered":"Route through the Bosc de les escultures \ud83d\uddff\ud83c\udf33"},"content":{"rendered":"<h2><strong>Route details:<\/strong><\/h2>\n<p>On this occasion, we escape to discover the wonders and secrets hidden in the forest of sculptures in Girona. A forest where Joan Carol\u00e0 created different sculptures where he captured the different aspects of life in stone figures: we will find all types and colors.<\/p>\n<p>Once we leave the forest behind, we continue along a dirt road that takes us to the top of Puig de Sant Miquel, where we find, no more and no less, than the castle of Sant Miquel: formerly known as &#8220;Puig de Castellar&#8221;, where we find the remains of the buildings. The location of the site is strategic: it visually dominates the valleys of Sant Daniel and Celr\u00e0, which open respectively to the plane of Girona and the Empord\u00e0 plain. Until 1974, the place belonged to the municipality of Celr\u00e0, and later became part of the municipality of Girona together with Campdor\u00e0.<\/p>\n<p>Once we have visited the castle with its beautiful hermitage, we will begin to return to the starting point, but this time we will do it by another path. In this second part of the route we will visit the <em>Mines del Nen Jes\u00fas,<\/em> a mine that keeps alive the mining history of the municipalities of Celr\u00e0 and les Gavarres, being built and exploited during the nineteenth and twentieth centuries. These are part of the Gavarres Ethnological Interest Zone, also included in the register of <em>B\u00e9ns Culturals d&#8217;Inter\u00e8s Nacional (BCIN)<\/em>.<\/p>\n<p><strong>Duration of the route: <\/strong>All day.<\/p>\n<p><strong>Departure from Barcelona:<\/strong> 8:00hs <a href=\"https:\/\/goo.gl\/maps\/pBehfm2xGLmtk4358\">Post Office, Barcelona<\/a>, Catalonia.<\/p>\n<p><strong>Arrival in Barcelona:<\/strong> 20:00hs <a href=\"https:\/\/goo.gl\/maps\/pBehfm2xGLmtk4358\">Post Office, Barcelona<\/a>, Catalonia.<\/p>\n<p>(Times vary according to sunrise and sunset)<\/p>\n<p><strong>Difficulty of the route:<\/strong> Low &#8211; Medium.<\/p>\n<h2><strong>What is included in the experience: <\/strong><\/h2>\n<p>Private transportation by bus or minivan (round trip).<\/p>\n<p>Lunch (on request).<\/p>\n<p>Guide \/ Companion.<\/p>\n<p>Insurance in case of accidents.<\/p>\n<h2><strong>If you have any questions, please do not hesitate to contact us:<\/strong><\/h2>\n<ul>\n<li>Mail: help@willysplan.com<\/li>\n<li>Phone: +34 677 724 611<\/li>\n<\/ul>\n","protected":false},"excerpt":{"rendered":"<p><strong>Departure dates:<\/strong> <em>On request.<\/em><\/p>\n<p><strong>Participants:<\/strong> <em>(Group bookings on request: Prices from 35\u20ac \/ person)<\/em><\/p>\n<h2>Ask us for a quotation:<\/h2>\n[contact-form-7 id=\"21757\" title=\"Formulario excursiones privadas (EN)\"]\n","protected":false},"featured_media":15114,"comment_status":"open","ping_status":"closed","template":"","meta":{"neve_meta_sidebar":"","neve_meta_container":"","neve_meta_enable_content_width":"off","neve_meta_content_width":0,"neve_meta_title_alignment":"","neve_meta_author_avatar":"","neve_post_elements_order":"","neve_meta_disable_header":"","neve_meta_disable_footer":"","neve_meta_disable_title":"","_joinchat":[]},"product_brand":[],"product_cat":[490,491],"product_tag":[492],"class_list":{"0":"post-21736","1":"product","2":"type-product","3":"status-publish","4":"has-post-thumbnail","6":"product_cat-organized-excursions-in-catalonia","7":"product_cat-teambuilding-en","8":"product_tag-teambuilding-en","10":"first","11":"instock","12":"shipping-taxable","13":"product-type-external"},"yoast_head":"<!-- This site is optimized with the Yoast SEO Premium plugin v20.1 (Yoast SEO v26.9) - https:\/\/yoast.com\/product\/yoast-seo-premium-wordpress\/ -->\n<title>Route to the Bosc de les escultures (Girona) - Willy&#039;s Plan \ud83c\udf43<\/title>\n<meta name=\"description\" content=\"Book your trip on the route of the sculpture forest in Girona, and enjoy a day of nature and outdoors. \ud83c\udfde Book now!\" \/>\n<meta name=\"robots\" content=\"index, follow, max-snippet:-1, max-image-preview:large, max-video-preview:-1\" \/>\n<link rel=\"canonical\" href=\"https:\/\/www.willysplan.com\/en\/producto\/route-through-the-bosc-de-les-escultures-\ud83d\uddff\ud83c\udf33\" \/>\n<meta property=\"og:locale\" content=\"en_US\" \/>\n<meta property=\"og:type\" content=\"article\" \/>\n<meta property=\"og:title\" content=\"Route through the Bosc de les escultures \ud83d\uddff\ud83c\udf33\" \/>\n<meta property=\"og:description\" content=\"Book your trip on the route of the sculpture forest in Girona, and enjoy a day of nature and outdoors. \ud83c\udfde Book now!\" \/>\n<meta property=\"og:url\" content=\"https:\/\/www.willysplan.com\/en\/producto\/route-through-the-bosc-de-les-escultures-\ud83d\uddff\ud83c\udf33\" \/>\n<meta property=\"og:site_name\" content=\"Willy&#039;s Plan \ud83c\udf43\" \/>\n<meta property=\"article:modified_time\" content=\"2024-10-18T02:13:15+00:00\" \/>\n<meta property=\"og:image\" content=\"https:\/\/www.willysplan.com\/wp-content\/uploads\/2022\/09\/Bosc-de-les-escultures-de-celra-1.jpg\" \/>\n\t<meta property=\"og:image:width\" content=\"1080\" \/>\n\t<meta property=\"og:image:height\" content=\"1080\" \/>\n\t<meta property=\"og:image:type\" content=\"image\/jpeg\" \/>\n<meta name=\"twitter:card\" content=\"summary_large_image\" \/>\n<meta name=\"twitter:label1\" content=\"Est. reading time\" \/>\n\t<meta name=\"twitter:data1\" content=\"2 minutes\" \/>\n<script type=\"application\/ld+json\" class=\"yoast-schema-graph\">{\"@context\":\"https:\/\/schema.org\",\"@graph\":[{\"@type\":\"WebPage\",\"@id\":\"https:\/\/www.willysplan.com\/en\/producto\/route-through-the-bosc-de-les-escultures-%f0%9f%97%bf%f0%9f%8c%b3\",\"url\":\"https:\/\/www.willysplan.com\/en\/producto\/route-through-the-bosc-de-les-escultures-%f0%9f%97%bf%f0%9f%8c%b3\",\"name\":\"Route to the Bosc de les escultures (Girona) - Willy's Plan \ud83c\udf43\",\"isPartOf\":{\"@id\":\"https:\/\/www.willysplan.com\/#website\"},\"primaryImageOfPage\":{\"@id\":\"https:\/\/www.willysplan.com\/en\/producto\/route-through-the-bosc-de-les-escultures-%f0%9f%97%bf%f0%9f%8c%b3#primaryimage\"},\"image\":{\"@id\":\"https:\/\/www.willysplan.com\/en\/producto\/route-through-the-bosc-de-les-escultures-%f0%9f%97%bf%f0%9f%8c%b3#primaryimage\"},\"thumbnailUrl\":\"https:\/\/www.willysplan.com\/wp-content\/uploads\/2022\/09\/Bosc-de-les-escultures-de-celra-1.jpg\",\"datePublished\":\"2022-09-26T11:36:54+00:00\",\"dateModified\":\"2024-10-18T02:13:15+00:00\",\"description\":\"Book your trip on the route of the sculpture forest in Girona, and enjoy a day of nature and outdoors. \ud83c\udfde Book now!\",\"breadcrumb\":{\"@id\":\"https:\/\/www.willysplan.com\/en\/producto\/route-through-the-bosc-de-les-escultures-%f0%9f%97%bf%f0%9f%8c%b3#breadcrumb\"},\"inLanguage\":\"en-US\",\"potentialAction\":[{\"@type\":\"ReadAction\",\"target\":[\"https:\/\/www.willysplan.com\/en\/producto\/route-through-the-bosc-de-les-escultures-%f0%9f%97%bf%f0%9f%8c%b3\"]}]},{\"@type\":\"ImageObject\",\"inLanguage\":\"en-US\",\"@id\":\"https:\/\/www.willysplan.com\/en\/producto\/route-through-the-bosc-de-les-escultures-%f0%9f%97%bf%f0%9f%8c%b3#primaryimage\",\"url\":\"https:\/\/www.willysplan.com\/wp-content\/uploads\/2022\/09\/Bosc-de-les-escultures-de-celra-1.jpg\",\"contentUrl\":\"https:\/\/www.willysplan.com\/wp-content\/uploads\/2022\/09\/Bosc-de-les-escultures-de-celra-1.jpg\",\"width\":1080,\"height\":1080,\"caption\":\"Forest of the sculptures of celr\u00e0\"},{\"@type\":\"BreadcrumbList\",\"@id\":\"https:\/\/www.willysplan.com\/en\/producto\/route-through-the-bosc-de-les-escultures-%f0%9f%97%bf%f0%9f%8c%b3#breadcrumb\",\"itemListElement\":[{\"@type\":\"ListItem\",\"position\":1,\"name\":\"Store\",\"item\":\"https:\/\/www.willysplan.com\/en\/store\"},{\"@type\":\"ListItem\",\"position\":2,\"name\":\"Route through the Bosc de les escultures \ud83d\uddff\ud83c\udf33\"}]},{\"@type\":\"WebSite\",\"@id\":\"https:\/\/www.willysplan.com\/#website\",\"url\":\"https:\/\/www.willysplan.com\/\",\"name\":\"Willy&#039;s Plan \ud83c\udf43\",\"description\":\"Tours y excursiones privadas por Catalu\u00f1a\",\"publisher\":{\"@id\":\"https:\/\/www.willysplan.com\/#organization\"},\"potentialAction\":[{\"@type\":\"SearchAction\",\"target\":{\"@type\":\"EntryPoint\",\"urlTemplate\":\"https:\/\/www.willysplan.com\/?s={search_term_string}\"},\"query-input\":{\"@type\":\"PropertyValueSpecification\",\"valueRequired\":true,\"valueName\":\"search_term_string\"}}],\"inLanguage\":\"en-US\"},{\"@type\":\"Organization\",\"@id\":\"https:\/\/www.willysplan.com\/#organization\",\"name\":\"Willy&#039;s Plan \ud83c\udf43\",\"url\":\"https:\/\/www.willysplan.com\/\",\"logo\":{\"@type\":\"ImageObject\",\"inLanguage\":\"en-US\",\"@id\":\"https:\/\/www.willysplan.com\/#\/schema\/logo\/image\/\",\"url\":\"https:\/\/www.willysplan.com\/wp-content\/uploads\/2020\/04\/cropped-logo-1.png\",\"contentUrl\":\"https:\/\/www.willysplan.com\/wp-content\/uploads\/2020\/04\/cropped-logo-1.png\",\"width\":332,\"height\":332,\"caption\":\"Willy&#039;s Plan \ud83c\udf43\"},\"image\":{\"@id\":\"https:\/\/www.willysplan.com\/#\/schema\/logo\/image\/\"}}]}<\/script>\n<!-- \/ Yoast SEO Premium plugin. -->","yoast_head_json":{"title":"Route to the Bosc de les escultures (Girona) - Willy's Plan \ud83c\udf43","description":"Book your trip on the route of the sculpture forest in Girona, and enjoy a day of nature and outdoors. \ud83c\udfde Book now!","robots":{"index":"index","follow":"follow","max-snippet":"max-snippet:-1","max-image-preview":"max-image-preview:large","max-video-preview":"max-video-preview:-1"},"canonical":"https:\/\/www.willysplan.com\/en\/producto\/route-through-the-bosc-de-les-escultures-\ud83d\uddff\ud83c\udf33","og_locale":"en_US","og_type":"article","og_title":"Route through the Bosc de les escultures \ud83d\uddff\ud83c\udf33","og_description":"Book your trip on the route of the sculpture forest in Girona, and enjoy a day of nature and outdoors. \ud83c\udfde Book now!","og_url":"https:\/\/www.willysplan.com\/en\/producto\/route-through-the-bosc-de-les-escultures-\ud83d\uddff\ud83c\udf33","og_site_name":"Willy&#039;s Plan \ud83c\udf43","article_modified_time":"2024-10-18T02:13:15+00:00","og_image":[{"width":1080,"height":1080,"url":"https:\/\/www.willysplan.com\/wp-content\/uploads\/2022\/09\/Bosc-de-les-escultures-de-celra-1.jpg","type":"image\/jpeg"}],"twitter_card":"summary_large_image","twitter_misc":{"Est. reading time":"2 minutes"},"schema":{"@context":"https:\/\/schema.org","@graph":[{"@type":"WebPage","@id":"https:\/\/www.willysplan.com\/en\/producto\/route-through-the-bosc-de-les-escultures-%f0%9f%97%bf%f0%9f%8c%b3","url":"https:\/\/www.willysplan.com\/en\/producto\/route-through-the-bosc-de-les-escultures-%f0%9f%97%bf%f0%9f%8c%b3","name":"Route to the Bosc de les escultures (Girona) - Willy's Plan \ud83c\udf43","isPartOf":{"@id":"https:\/\/www.willysplan.com\/#website"},"primaryImageOfPage":{"@id":"https:\/\/www.willysplan.com\/en\/producto\/route-through-the-bosc-de-les-escultures-%f0%9f%97%bf%f0%9f%8c%b3#primaryimage"},"image":{"@id":"https:\/\/www.willysplan.com\/en\/producto\/route-through-the-bosc-de-les-escultures-%f0%9f%97%bf%f0%9f%8c%b3#primaryimage"},"thumbnailUrl":"https:\/\/www.willysplan.com\/wp-content\/uploads\/2022\/09\/Bosc-de-les-escultures-de-celra-1.jpg","datePublished":"2022-09-26T11:36:54+00:00","dateModified":"2024-10-18T02:13:15+00:00","description":"Book your trip on the route of the sculpture forest in Girona, and enjoy a day of nature and outdoors. \ud83c\udfde Book now!","breadcrumb":{"@id":"https:\/\/www.willysplan.com\/en\/producto\/route-through-the-bosc-de-les-escultures-%f0%9f%97%bf%f0%9f%8c%b3#breadcrumb"},"inLanguage":"en-US","potentialAction":[{"@type":"ReadAction","target":["https:\/\/www.willysplan.com\/en\/producto\/route-through-the-bosc-de-les-escultures-%f0%9f%97%bf%f0%9f%8c%b3"]}]},{"@type":"ImageObject","inLanguage":"en-US","@id":"https:\/\/www.willysplan.com\/en\/producto\/route-through-the-bosc-de-les-escultures-%f0%9f%97%bf%f0%9f%8c%b3#primaryimage","url":"https:\/\/www.willysplan.com\/wp-content\/uploads\/2022\/09\/Bosc-de-les-escultures-de-celra-1.jpg","contentUrl":"https:\/\/www.willysplan.com\/wp-content\/uploads\/2022\/09\/Bosc-de-les-escultures-de-celra-1.jpg","width":1080,"height":1080,"caption":"Forest of the sculptures of celr\u00e0"},{"@type":"BreadcrumbList","@id":"https:\/\/www.willysplan.com\/en\/producto\/route-through-the-bosc-de-les-escultures-%f0%9f%97%bf%f0%9f%8c%b3#breadcrumb","itemListElement":[{"@type":"ListItem","position":1,"name":"Store","item":"https:\/\/www.willysplan.com\/en\/store"},{"@type":"ListItem","position":2,"name":"Route through the Bosc de les escultures \ud83d\uddff\ud83c\udf33"}]},{"@type":"WebSite","@id":"https:\/\/www.willysplan.com\/#website","url":"https:\/\/www.willysplan.com\/","name":"Willy&#039;s Plan \ud83c\udf43","description":"Tours y excursiones privadas por Catalu\u00f1a","publisher":{"@id":"https:\/\/www.willysplan.com\/#organization"},"potentialAction":[{"@type":"SearchAction","target":{"@type":"EntryPoint","urlTemplate":"https:\/\/www.willysplan.com\/?s={search_term_string}"},"query-input":{"@type":"PropertyValueSpecification","valueRequired":true,"valueName":"search_term_string"}}],"inLanguage":"en-US"},{"@type":"Organization","@id":"https:\/\/www.willysplan.com\/#organization","name":"Willy&#039;s Plan \ud83c\udf43","url":"https:\/\/www.willysplan.com\/","logo":{"@type":"ImageObject","inLanguage":"en-US","@id":"https:\/\/www.willysplan.com\/#\/schema\/logo\/image\/","url":"https:\/\/www.willysplan.com\/wp-content\/uploads\/2020\/04\/cropped-logo-1.png","contentUrl":"https:\/\/www.willysplan.com\/wp-content\/uploads\/2020\/04\/cropped-logo-1.png","width":332,"height":332,"caption":"Willy&#039;s Plan \ud83c\udf43"},"image":{"@id":"https:\/\/www.willysplan.com\/#\/schema\/logo\/image\/"}}]}},"_links":{"self":[{"href":"https:\/\/www.willysplan.com\/en\/wp-json\/wp\/v2\/product\/21736","targetHints":{"allow":["GET"]}}],"collection":[{"href":"https:\/\/www.willysplan.com\/en\/wp-json\/wp\/v2\/product"}],"about":[{"href":"https:\/\/www.willysplan.com\/en\/wp-json\/wp\/v2\/types\/product"}],"replies":[{"embeddable":true,"href":"https:\/\/www.willysplan.com\/en\/wp-json\/wp\/v2\/comments?post=21736"}],"wp:featuredmedia":[{"embeddable":true,"href":"https:\/\/www.willysplan.com\/en\/wp-json\/wp\/v2\/media\/15114"}],"wp:attachment":[{"href":"https:\/\/www.willysplan.com\/en\/wp-json\/wp\/v2\/media?parent=21736"}],"wp:term":[{"taxonomy":"product_brand","embeddable":true,"href":"https:\/\/www.willysplan.com\/en\/wp-json\/wp\/v2\/product_brand?post=21736"},{"taxonomy":"product_cat","embeddable":true,"href":"https:\/\/www.willysplan.com\/en\/wp-json\/wp\/v2\/product_cat?post=21736"},{"taxonomy":"product_tag","embeddable":true,"href":"https:\/\/www.willysplan.com\/en\/wp-json\/wp\/v2\/product_tag?post=21736"}],"curies":[{"name":"wp","href":"https:\/\/api.w.org\/{rel}","templated":true}]}}