{"id":21742,"date":"2020-12-20T10:03:02","date_gmt":"2020-12-20T09:03:02","guid":{"rendered":"https:\/\/willysplan.com\/producto\/excursio-al-santuari-de-cabrera-sessio-de-meditacio"},"modified":"2023-09-05T04:59:18","modified_gmt":"2023-09-05T03:59:18","slug":"excursio-al-santuari-de-cabrera-sessio-de-meditacio","status":"publish","type":"product","link":"https:\/\/www.willysplan.com\/ca\/producto\/excursio-al-santuari-de-cabrera-sessio-de-meditacio","title":{"rendered":"Excursi\u00f3 al Santuari de Cabrera + Sessi\u00f3 de Meditaci\u00f3"},"content":{"rendered":"<h2><strong>Detalls de la ruta:<\/strong><\/h2>\n<p>En aquesta ocasi\u00f3 us proposem una excursi\u00f3 singular: el Santuari de Cabera i el seu fam\u00f3s passad\u00eds (m\u00e9s conegut com el &#8220;Passad\u00eds del Santuari de Cabrera&#8221;).<\/p>\n<p>Situat a uns 1.300 mts dalt d&#8217;una de les talaies m\u00e9s boniques de la zona de Collsacabra (comarca natural de l&#8217;interior de Catalunya), ens trobem el Santuari de Cabrera: una edificaci\u00f3 que data entre els anys 1622-1641, conservant-se a dia d&#8217;avui en molt bon estat.<\/p>\n<p>Des de dalt del santuari, podrem observar les incre\u00efbles vistes de la plana de Vic, el Puigsacalm, el Cad\u00ed o el Montseny.<\/p>\n<p>A m\u00e9s, sent un dels seus atractius tur\u00edstics m\u00e9s grans, no ens oblidem de &#8220;la passarel\u00b7la del Santuari&#8221;. Un cam\u00ed de pedres pel qual accedir a aquest monument, des d&#8217;on es poden fer molt bones fotografies (per als amants del paisatge), i on fascinar-nos amb les precioses vistes que aquest lloc ofereix.<\/p>\n<p>L\u00b4excursi\u00f3 t\u00e9 un recorregut aproximat de 8km, amb parada al migdia per dinar i meditar.<\/p>\n<p><strong>Sortida des de Barcelona:<\/strong> 8:00 h <a href=\"https:\/\/goo.gl\/maps\/pBehfm2xGLmtk4358\">Oficina de Correus, Barcelona<\/a> , \u200b\u200bCatalunya.<\/p>\n<p><strong>Arribada a Barcelona:<\/strong> 20:00 h <a href=\"https:\/\/goo.gl\/maps\/pBehfm2xGLmtk4358\">Oficina de Correus, Barcelona<\/a> , \u200b\u200bCatalunya.<\/p>\n<p><strong>Dificultat de la ruta:<\/strong> Mitjana.<\/p>\n<h2><strong>Qu\u00e8 inclou lexperi\u00e8ncia: <\/strong><\/h2>\n<p>Transport amb bus o minivan (anada i tornada).<\/p>\n<p>Dinar migdia (opcional).<\/p>\n<p>Guia \/ Acompanyant.<\/p>\n<p>Segur en cas d&#8217;accidents.<\/p>\n<h2><strong>Si tens algun dubte o consulta, no dubtis a contactar-nos:<\/strong><\/h2>\n<ul>\n<li>Mail: help@willysplan.com<\/li>\n<li>Tel\u00e8fon: +34 677 724 611<\/li>\n<\/ul>\n","protected":false},"excerpt":{"rendered":"<p><strong>Dates de la sortida:<\/strong> <em>Sota demanda.<\/em><\/p>\n<p><strong>Participants:<\/strong> <em>(Reserva de grups sota demanda: Preus des de 35\u20ac\/persona)<\/em><\/p>\n<h2>Demana&#8217;ns pressupost:<\/h2>\n[contact-form-7 id=\"21758\" title=\"Formulario excursiones privadas (CA)\"]\n","protected":false},"featured_media":14121,"comment_status":"open","ping_status":"closed","template":"","meta":{"neve_meta_sidebar":"","neve_meta_container":"","neve_meta_enable_content_width":"off","neve_meta_content_width":0,"neve_meta_title_alignment":"","neve_meta_author_avatar":"","neve_post_elements_order":"","neve_meta_disable_header":"","neve_meta_disable_footer":"","neve_meta_disable_title":"","_joinchat":[]},"product_brand":[],"product_cat":[487],"product_tag":[489],"class_list":{"0":"post-21742","1":"product","2":"type-product","3":"status-publish","4":"has-post-thumbnail","6":"product_cat-excursions-organitzades-per-catalunya","7":"product_tag-teambuilding-ca","9":"first","10":"instock","11":"shipping-taxable","12":"product-type-external"},"yoast_head":"<!-- This site is optimized with the Yoast SEO Premium plugin v20.1 (Yoast SEO v26.9) - https:\/\/yoast.com\/product\/yoast-seo-premium-wordpress\/ -->\n<title>Excursi\u00f3 d\u00b4un dia al Santuari de Cabrera - Willy&#039;s Plan \ud83c\udf43<\/title>\n<meta name=\"description\" content=\"Reserva ja la teva excursi\u00f3 d\u00b4un dia al Santuari de Cabrera. Descobriu les vistes incre\u00efbles de l&#039;entorn natural de Collsacabra. \ud83c\udfde Entra ara!\" \/>\n<meta name=\"robots\" content=\"index, follow, max-snippet:-1, max-image-preview:large, max-video-preview:-1\" \/>\n<link rel=\"canonical\" href=\"https:\/\/www.willysplan.com\/ca\/producto\/excursio-al-santuari-de-cabrera-sessio-de-meditacio\" \/>\n<meta property=\"og:locale\" content=\"ca_ES\" \/>\n<meta property=\"og:type\" content=\"article\" \/>\n<meta property=\"og:title\" content=\"Excursi\u00f3 al Santuari de Cabrera + Sessi\u00f3 de Meditaci\u00f3\" \/>\n<meta property=\"og:description\" content=\"Reserva ja la teva excursi\u00f3 d\u00b4un dia al Santuari de Cabrera. Descobriu les vistes incre\u00efbles de l&#039;entorn natural de Collsacabra. \ud83c\udfde Entra ara!\" \/>\n<meta property=\"og:url\" content=\"https:\/\/www.willysplan.com\/ca\/producto\/excursio-al-santuari-de-cabrera-sessio-de-meditacio\" \/>\n<meta property=\"og:site_name\" content=\"Willy&#039;s Plan \ud83c\udf43\" \/>\n<meta property=\"article:modified_time\" content=\"2023-09-05T03:59:18+00:00\" \/>\n<meta property=\"og:image\" content=\"https:\/\/www.willysplan.com\/wp-content\/uploads\/2020\/12\/WhatsApp-Image-2021-05-19-at-19.27.32.jpeg\" \/>\n\t<meta property=\"og:image:width\" content=\"2016\" \/>\n\t<meta property=\"og:image:height\" content=\"908\" \/>\n\t<meta property=\"og:image:type\" content=\"image\/jpeg\" \/>\n<meta name=\"twitter:card\" content=\"summary_large_image\" \/>\n<meta name=\"twitter:label1\" content=\"Temps estimat de lectura\" \/>\n\t<meta name=\"twitter:data1\" content=\"2 minuts\" \/>\n<script type=\"application\/ld+json\" class=\"yoast-schema-graph\">{\"@context\":\"https:\/\/schema.org\",\"@graph\":[{\"@type\":\"WebPage\",\"@id\":\"https:\/\/www.willysplan.com\/ca\/producto\/excursio-al-santuari-de-cabrera-sessio-de-meditacio\",\"url\":\"https:\/\/www.willysplan.com\/ca\/producto\/excursio-al-santuari-de-cabrera-sessio-de-meditacio\",\"name\":\"Excursi\u00f3 d\u00b4un dia al Santuari de Cabrera - Willy's Plan \ud83c\udf43\",\"isPartOf\":{\"@id\":\"https:\/\/www.willysplan.com\/#website\"},\"primaryImageOfPage\":{\"@id\":\"https:\/\/www.willysplan.com\/ca\/producto\/excursio-al-santuari-de-cabrera-sessio-de-meditacio#primaryimage\"},\"image\":{\"@id\":\"https:\/\/www.willysplan.com\/ca\/producto\/excursio-al-santuari-de-cabrera-sessio-de-meditacio#primaryimage\"},\"thumbnailUrl\":\"https:\/\/www.willysplan.com\/wp-content\/uploads\/2020\/12\/WhatsApp-Image-2021-05-19-at-19.27.32.jpeg\",\"datePublished\":\"2020-12-20T09:03:02+00:00\",\"dateModified\":\"2023-09-05T03:59:18+00:00\",\"description\":\"Reserva ja la teva excursi\u00f3 d\u00b4un dia al Santuari de Cabrera. Descobriu les vistes incre\u00efbles de l'entorn natural de Collsacabra. \ud83c\udfde Entra ara!\",\"breadcrumb\":{\"@id\":\"https:\/\/www.willysplan.com\/ca\/producto\/excursio-al-santuari-de-cabrera-sessio-de-meditacio#breadcrumb\"},\"inLanguage\":\"ca\",\"potentialAction\":[{\"@type\":\"ReadAction\",\"target\":[\"https:\/\/www.willysplan.com\/ca\/producto\/excursio-al-santuari-de-cabrera-sessio-de-meditacio\"]}]},{\"@type\":\"ImageObject\",\"inLanguage\":\"ca\",\"@id\":\"https:\/\/www.willysplan.com\/ca\/producto\/excursio-al-santuari-de-cabrera-sessio-de-meditacio#primaryimage\",\"url\":\"https:\/\/www.willysplan.com\/wp-content\/uploads\/2020\/12\/WhatsApp-Image-2021-05-19-at-19.27.32.jpeg\",\"contentUrl\":\"https:\/\/www.willysplan.com\/wp-content\/uploads\/2020\/12\/WhatsApp-Image-2021-05-19-at-19.27.32.jpeg\",\"width\":2016,\"height\":908},{\"@type\":\"BreadcrumbList\",\"@id\":\"https:\/\/www.willysplan.com\/ca\/producto\/excursio-al-santuari-de-cabrera-sessio-de-meditacio#breadcrumb\",\"itemListElement\":[{\"@type\":\"ListItem\",\"position\":1,\"name\":\"Botiga\",\"item\":\"https:\/\/www.willysplan.com\/ca\/botiga\"},{\"@type\":\"ListItem\",\"position\":2,\"name\":\"Excursi\u00f3 al Santuari de Cabrera + Sessi\u00f3 de Meditaci\u00f3\"}]},{\"@type\":\"WebSite\",\"@id\":\"https:\/\/www.willysplan.com\/#website\",\"url\":\"https:\/\/www.willysplan.com\/\",\"name\":\"Willy&#039;s Plan \ud83c\udf43\",\"description\":\"Escapadas y Planes de fin de semana\",\"publisher\":{\"@id\":\"https:\/\/www.willysplan.com\/#organization\"},\"potentialAction\":[{\"@type\":\"SearchAction\",\"target\":{\"@type\":\"EntryPoint\",\"urlTemplate\":\"https:\/\/www.willysplan.com\/?s={search_term_string}\"},\"query-input\":{\"@type\":\"PropertyValueSpecification\",\"valueRequired\":true,\"valueName\":\"search_term_string\"}}],\"inLanguage\":\"ca\"},{\"@type\":\"Organization\",\"@id\":\"https:\/\/www.willysplan.com\/#organization\",\"name\":\"Willy&#039;s Plan \ud83c\udf43\",\"url\":\"https:\/\/www.willysplan.com\/\",\"logo\":{\"@type\":\"ImageObject\",\"inLanguage\":\"ca\",\"@id\":\"https:\/\/www.willysplan.com\/#\/schema\/logo\/image\/\",\"url\":\"https:\/\/www.willysplan.com\/wp-content\/uploads\/2020\/04\/cropped-logo-1.png\",\"contentUrl\":\"https:\/\/www.willysplan.com\/wp-content\/uploads\/2020\/04\/cropped-logo-1.png\",\"width\":332,\"height\":332,\"caption\":\"Willy&#039;s Plan \ud83c\udf43\"},\"image\":{\"@id\":\"https:\/\/www.willysplan.com\/#\/schema\/logo\/image\/\"}}]}<\/script>\n<!-- \/ Yoast SEO Premium plugin. -->","yoast_head_json":{"title":"Excursi\u00f3 d\u00b4un dia al Santuari de Cabrera - Willy's Plan \ud83c\udf43","description":"Reserva ja la teva excursi\u00f3 d\u00b4un dia al Santuari de Cabrera. Descobriu les vistes incre\u00efbles de l'entorn natural de Collsacabra. \ud83c\udfde Entra ara!","robots":{"index":"index","follow":"follow","max-snippet":"max-snippet:-1","max-image-preview":"max-image-preview:large","max-video-preview":"max-video-preview:-1"},"canonical":"https:\/\/www.willysplan.com\/ca\/producto\/excursio-al-santuari-de-cabrera-sessio-de-meditacio","og_locale":"ca_ES","og_type":"article","og_title":"Excursi\u00f3 al Santuari de Cabrera + Sessi\u00f3 de Meditaci\u00f3","og_description":"Reserva ja la teva excursi\u00f3 d\u00b4un dia al Santuari de Cabrera. Descobriu les vistes incre\u00efbles de l'entorn natural de Collsacabra. \ud83c\udfde Entra ara!","og_url":"https:\/\/www.willysplan.com\/ca\/producto\/excursio-al-santuari-de-cabrera-sessio-de-meditacio","og_site_name":"Willy&#039;s Plan \ud83c\udf43","article_modified_time":"2023-09-05T03:59:18+00:00","og_image":[{"width":2016,"height":908,"url":"https:\/\/www.willysplan.com\/wp-content\/uploads\/2020\/12\/WhatsApp-Image-2021-05-19-at-19.27.32.jpeg","type":"image\/jpeg"}],"twitter_card":"summary_large_image","twitter_misc":{"Temps estimat de lectura":"2 minuts"},"schema":{"@context":"https:\/\/schema.org","@graph":[{"@type":"WebPage","@id":"https:\/\/www.willysplan.com\/ca\/producto\/excursio-al-santuari-de-cabrera-sessio-de-meditacio","url":"https:\/\/www.willysplan.com\/ca\/producto\/excursio-al-santuari-de-cabrera-sessio-de-meditacio","name":"Excursi\u00f3 d\u00b4un dia al Santuari de Cabrera - Willy's Plan \ud83c\udf43","isPartOf":{"@id":"https:\/\/www.willysplan.com\/#website"},"primaryImageOfPage":{"@id":"https:\/\/www.willysplan.com\/ca\/producto\/excursio-al-santuari-de-cabrera-sessio-de-meditacio#primaryimage"},"image":{"@id":"https:\/\/www.willysplan.com\/ca\/producto\/excursio-al-santuari-de-cabrera-sessio-de-meditacio#primaryimage"},"thumbnailUrl":"https:\/\/www.willysplan.com\/wp-content\/uploads\/2020\/12\/WhatsApp-Image-2021-05-19-at-19.27.32.jpeg","datePublished":"2020-12-20T09:03:02+00:00","dateModified":"2023-09-05T03:59:18+00:00","description":"Reserva ja la teva excursi\u00f3 d\u00b4un dia al Santuari de Cabrera. Descobriu les vistes incre\u00efbles de l'entorn natural de Collsacabra. \ud83c\udfde Entra ara!","breadcrumb":{"@id":"https:\/\/www.willysplan.com\/ca\/producto\/excursio-al-santuari-de-cabrera-sessio-de-meditacio#breadcrumb"},"inLanguage":"ca","potentialAction":[{"@type":"ReadAction","target":["https:\/\/www.willysplan.com\/ca\/producto\/excursio-al-santuari-de-cabrera-sessio-de-meditacio"]}]},{"@type":"ImageObject","inLanguage":"ca","@id":"https:\/\/www.willysplan.com\/ca\/producto\/excursio-al-santuari-de-cabrera-sessio-de-meditacio#primaryimage","url":"https:\/\/www.willysplan.com\/wp-content\/uploads\/2020\/12\/WhatsApp-Image-2021-05-19-at-19.27.32.jpeg","contentUrl":"https:\/\/www.willysplan.com\/wp-content\/uploads\/2020\/12\/WhatsApp-Image-2021-05-19-at-19.27.32.jpeg","width":2016,"height":908},{"@type":"BreadcrumbList","@id":"https:\/\/www.willysplan.com\/ca\/producto\/excursio-al-santuari-de-cabrera-sessio-de-meditacio#breadcrumb","itemListElement":[{"@type":"ListItem","position":1,"name":"Botiga","item":"https:\/\/www.willysplan.com\/ca\/botiga"},{"@type":"ListItem","position":2,"name":"Excursi\u00f3 al Santuari de Cabrera + Sessi\u00f3 de Meditaci\u00f3"}]},{"@type":"WebSite","@id":"https:\/\/www.willysplan.com\/#website","url":"https:\/\/www.willysplan.com\/","name":"Willy&#039;s Plan \ud83c\udf43","description":"Escapadas y Planes de fin de semana","publisher":{"@id":"https:\/\/www.willysplan.com\/#organization"},"potentialAction":[{"@type":"SearchAction","target":{"@type":"EntryPoint","urlTemplate":"https:\/\/www.willysplan.com\/?s={search_term_string}"},"query-input":{"@type":"PropertyValueSpecification","valueRequired":true,"valueName":"search_term_string"}}],"inLanguage":"ca"},{"@type":"Organization","@id":"https:\/\/www.willysplan.com\/#organization","name":"Willy&#039;s Plan \ud83c\udf43","url":"https:\/\/www.willysplan.com\/","logo":{"@type":"ImageObject","inLanguage":"ca","@id":"https:\/\/www.willysplan.com\/#\/schema\/logo\/image\/","url":"https:\/\/www.willysplan.com\/wp-content\/uploads\/2020\/04\/cropped-logo-1.png","contentUrl":"https:\/\/www.willysplan.com\/wp-content\/uploads\/2020\/04\/cropped-logo-1.png","width":332,"height":332,"caption":"Willy&#039;s Plan \ud83c\udf43"},"image":{"@id":"https:\/\/www.willysplan.com\/#\/schema\/logo\/image\/"}}]}},"_links":{"self":[{"href":"https:\/\/www.willysplan.com\/ca\/wp-json\/wp\/v2\/product\/21742","targetHints":{"allow":["GET"]}}],"collection":[{"href":"https:\/\/www.willysplan.com\/ca\/wp-json\/wp\/v2\/product"}],"about":[{"href":"https:\/\/www.willysplan.com\/ca\/wp-json\/wp\/v2\/types\/product"}],"replies":[{"embeddable":true,"href":"https:\/\/www.willysplan.com\/ca\/wp-json\/wp\/v2\/comments?post=21742"}],"wp:featuredmedia":[{"embeddable":true,"href":"https:\/\/www.willysplan.com\/ca\/wp-json\/wp\/v2\/media\/14121"}],"wp:attachment":[{"href":"https:\/\/www.willysplan.com\/ca\/wp-json\/wp\/v2\/media?parent=21742"}],"wp:term":[{"taxonomy":"product_brand","embeddable":true,"href":"https:\/\/www.willysplan.com\/ca\/wp-json\/wp\/v2\/product_brand?post=21742"},{"taxonomy":"product_cat","embeddable":true,"href":"https:\/\/www.willysplan.com\/ca\/wp-json\/wp\/v2\/product_cat?post=21742"},{"taxonomy":"product_tag","embeddable":true,"href":"https:\/\/www.willysplan.com\/ca\/wp-json\/wp\/v2\/product_tag?post=21742"}],"curies":[{"name":"wp","href":"https:\/\/api.w.org\/{rel}","templated":true}]}}