{"id":15619,"date":"2022-06-09T20:58:14","date_gmt":"2022-06-09T19:58:14","guid":{"rendered":"https:\/\/willysplan.com\/mapa-del-lloc"},"modified":"2023-02-27T07:39:30","modified_gmt":"2023-02-27T06:39:30","slug":"mapa-del-lloc","status":"publish","type":"page","link":"https:\/\/www.willysplan.com\/ca\/mapa-del-lloc","title":{"rendered":"Mapa del lloc"},"content":{"rendered":"\t\t<div data-elementor-type=\"wp-page\" data-elementor-id=\"15619\" class=\"elementor elementor-15619 elementor-8876\" data-elementor-post-type=\"page\">\n\t\t\t\t\t\t<section class=\"elementor-section elementor-top-section elementor-element elementor-element-e4f04d8 elementor-section-boxed elementor-section-height-default elementor-section-height-default\" data-id=\"e4f04d8\" data-element_type=\"section\">\n\t\t\t\t\t\t<div class=\"elementor-container elementor-column-gap-default\">\n\t\t\t\t\t<div class=\"elementor-column elementor-col-100 elementor-top-column elementor-element elementor-element-46d5a29\" data-id=\"46d5a29\" data-element_type=\"column\">\n\t\t\t<div class=\"elementor-widget-wrap elementor-element-populated\">\n\t\t\t\t\t\t<div class=\"elementor-element elementor-element-1a44df7 elementor-widget elementor-widget-heading\" data-id=\"1a44df7\" data-element_type=\"widget\" data-widget_type=\"heading.default\">\n\t\t\t\t<div class=\"elementor-widget-container\">\n\t\t\t\t\t<h1 class=\"elementor-heading-title elementor-size-default\">Tours &amp; activitats<\/h1>\t\t\t\t<\/div>\n\t\t\t\t<\/div>\n\t\t\t\t\t<\/div>\n\t\t<\/div>\n\t\t\t\t\t<\/div>\n\t\t<\/section>\n\t\t\t\t<section class=\"elementor-section elementor-top-section elementor-element elementor-element-fc74516 elementor-section-boxed elementor-section-height-default elementor-section-height-default\" data-id=\"fc74516\" data-element_type=\"section\">\n\t\t\t\t\t\t<div class=\"elementor-container elementor-column-gap-default\">\n\t\t\t\t\t<div class=\"elementor-column elementor-col-100 elementor-top-column elementor-element elementor-element-f32be4d\" data-id=\"f32be4d\" data-element_type=\"column\">\n\t\t\t<div class=\"elementor-widget-wrap elementor-element-populated\">\n\t\t\t\t\t\t<div class=\"elementor-element elementor-element-d8217ba elementor-widget elementor-widget-heading\" data-id=\"d8217ba\" data-element_type=\"widget\" data-widget_type=\"heading.default\">\n\t\t\t\t<div class=\"elementor-widget-container\">\n\t\t\t\t\t<h2 class=\"elementor-heading-title elementor-size-default\">Barcelona<\/h2>\t\t\t\t<\/div>\n\t\t\t\t<\/div>\n\t\t\t\t\t<\/div>\n\t\t<\/div>\n\t\t\t\t\t<\/div>\n\t\t<\/section>\n\t\t\t\t<section class=\"elementor-section elementor-top-section elementor-element elementor-element-7331205 elementor-section-boxed elementor-section-height-default elementor-section-height-default\" data-id=\"7331205\" data-element_type=\"section\">\n\t\t\t\t\t\t<div class=\"elementor-container elementor-column-gap-default\">\n\t\t\t\t\t<div class=\"elementor-column elementor-col-25 elementor-top-column elementor-element elementor-element-bf3e6f9\" data-id=\"bf3e6f9\" data-element_type=\"column\">\n\t\t\t<div class=\"elementor-widget-wrap elementor-element-populated\">\n\t\t\t\t\t\t<div class=\"elementor-element elementor-element-af2dfda elementor-widget elementor-widget-heading\" data-id=\"af2dfda\" data-element_type=\"widget\" data-widget_type=\"heading.default\">\n\t\t\t\t<div class=\"elementor-widget-container\">\n\t\t\t\t\t<h3 class=\"elementor-heading-title elementor-size-medium\"><a href=\"https:\/\/www.willysplan.com\/ca\/free-walking-tours-a-barcelona\">Free tours a Barcelona<\/a><\/h3>\t\t\t\t<\/div>\n\t\t\t\t<\/div>\n\t\t\t\t\t<\/div>\n\t\t<\/div>\n\t\t\t\t<div class=\"elementor-column elementor-col-25 elementor-top-column elementor-element elementor-element-bd5ae4e\" data-id=\"bd5ae4e\" data-element_type=\"column\">\n\t\t\t<div class=\"elementor-widget-wrap elementor-element-populated\">\n\t\t\t\t\t\t<div class=\"elementor-element elementor-element-4fdf49f elementor-widget elementor-widget-heading\" data-id=\"4fdf49f\" data-element_type=\"widget\" data-widget_type=\"heading.default\">\n\t\t\t\t<div class=\"elementor-widget-container\">\n\t\t\t\t\t<h3 class=\"elementor-heading-title elementor-size-medium\"><a href=\"https:\/\/www.willysplan.com\/ca\/visites-guiades-i-tours-per-barcelona\">Visites guiades per Barcelona<\/a><\/h3>\t\t\t\t<\/div>\n\t\t\t\t<\/div>\n\t\t\t\t\t<\/div>\n\t\t<\/div>\n\t\t\t\t<div class=\"elementor-column elementor-col-25 elementor-top-column elementor-element elementor-element-864b4f0\" data-id=\"864b4f0\" data-element_type=\"column\">\n\t\t\t<div class=\"elementor-widget-wrap elementor-element-populated\">\n\t\t\t\t\t\t<div class=\"elementor-element elementor-element-81c1ff1 elementor-widget elementor-widget-heading\" data-id=\"81c1ff1\" data-element_type=\"widget\" data-widget_type=\"heading.default\">\n\t\t\t\t<div class=\"elementor-widget-container\">\n\t\t\t\t\t<h3 class=\"elementor-heading-title elementor-size-medium\"><a href=\"https:\/\/www.willysplan.com\/ca\/entrades-a-barcelona\">Entrades a Barcelona<\/a><\/h3>\t\t\t\t<\/div>\n\t\t\t\t<\/div>\n\t\t\t\t\t<\/div>\n\t\t<\/div>\n\t\t\t\t<div class=\"elementor-column elementor-col-25 elementor-top-column elementor-element elementor-element-ac58872\" data-id=\"ac58872\" data-element_type=\"column\">\n\t\t\t<div class=\"elementor-widget-wrap elementor-element-populated\">\n\t\t\t\t\t\t<div class=\"elementor-element elementor-element-293c328 elementor-widget elementor-widget-heading\" data-id=\"293c328\" data-element_type=\"widget\" data-widget_type=\"heading.default\">\n\t\t\t\t<div class=\"elementor-widget-container\">\n\t\t\t\t\t<h3 class=\"elementor-heading-title elementor-size-medium\"><a href=\"https:\/\/www.willysplan.com\/ca\/passejades-amb-vaixell-veler-i-catamara-a-barcelona\">Tours amb vaixell Barcelona<\/a><\/h3>\t\t\t\t<\/div>\n\t\t\t\t<\/div>\n\t\t\t\t\t<\/div>\n\t\t<\/div>\n\t\t\t\t\t<\/div>\n\t\t<\/section>\n\t\t\t\t<section class=\"elementor-section elementor-top-section elementor-element elementor-element-6556af1 elementor-section-boxed elementor-section-height-default elementor-section-height-default\" data-id=\"6556af1\" data-element_type=\"section\">\n\t\t\t\t\t\t<div class=\"elementor-container elementor-column-gap-default\">\n\t\t\t\t\t<div class=\"elementor-column elementor-col-25 elementor-top-column elementor-element elementor-element-6385c33\" data-id=\"6385c33\" data-element_type=\"column\">\n\t\t\t<div class=\"elementor-widget-wrap elementor-element-populated\">\n\t\t\t\t\t\t<div class=\"elementor-element elementor-element-ce52c99 elementor-widget elementor-widget-text-editor\" data-id=\"ce52c99\" data-element_type=\"widget\" data-widget_type=\"text-editor.default\">\n\t\t\t\t<div class=\"elementor-widget-container\">\n\t\t\t\t\t\t\t\t\t<p><a href=\"https:\/\/www.willysplan.com\/ca\/free-tours-barcelona-ca\/free-tour-pel-barri-gotic-de-barcelona\">Free tour pel barri g\u00f2tic<\/a><\/p>\n<p><a href=\"https:\/\/www.willysplan.com\/ca\/free-tours-barcelona-ca\/free-tour-de-gaudi-i-el-modernisme-a-barcelona\">Free tour de Gaud\u00ed i el Modernisme<\/a><\/p>\n<p><a href=\"https:\/\/www.willysplan.com\/ca\/free-tours-barcelona-ca\/free-tour-pel-parc-guell-de-barcelona\">Free tour pel Parc G\u00fcell<\/a><\/p>\n<p><a href=\"https:\/\/www.willysplan.com\/ca\/free-tours-barcelona-ca\/free-tour-pel-raval-de-barcelona\">Free tour pel Raval de Barcelona<\/a><\/p>\n<p><a href=\"https:\/\/www.willysplan.com\/ca\/free-tours-barcelona-ca\/free-tour-pel-born-de-barcelona\">Free tour pel Born de Barcelona<\/a><\/p>\n<p><a href=\"https:\/\/www.willysplan.com\/ca\/free-tours-barcelona-ca\/free-tour-per-la-barcelona-misteriosa-i-prohibida\">Free tour per la Barcelona misteriosa i prohibida<\/a><\/p>\n<p><a href=\"https:\/\/www.willysplan.com\/ca\/free-tours-barcelona-ca\/free-tour-de-la-guerra-civil-a-barcelona\">Free Tour de la Guerra Civil de Barcelona<\/a><\/p>\n<p><a href=\"https:\/\/www.willysplan.com\/ca\/free-tours-barcelona-ca\/free-walking-tour-per-barcelona\">Free walking tour per Barcelona<\/a><\/p>\n<p><a href=\"https:\/\/www.willysplan.com\/ca\/free-tours-barcelona-ca\/free-tour-per-montjuic\">Free tour per Montju\u00efc<\/a><\/p>\n<p><a href=\"https:\/\/www.willysplan.com\/ca\/free-tours-barcelona-ca\/free-tour-nocturn-per-barcelona\">Free tour nocturn per Barcelona<\/a><\/p>\n\t\t\t\t\t\t\t\t<\/div>\n\t\t\t\t<\/div>\n\t\t\t\t\t<\/div>\n\t\t<\/div>\n\t\t\t\t<div class=\"elementor-column elementor-col-25 elementor-top-column elementor-element elementor-element-e08be09\" data-id=\"e08be09\" data-element_type=\"column\">\n\t\t\t<div class=\"elementor-widget-wrap elementor-element-populated\">\n\t\t\t\t\t\t<div class=\"elementor-element elementor-element-fc474fa elementor-widget elementor-widget-text-editor\" data-id=\"fc474fa\" data-element_type=\"widget\" data-widget_type=\"text-editor.default\">\n\t\t\t\t<div class=\"elementor-widget-container\">\n\t\t\t\t\t\t\t\t\t<p><a href=\"https:\/\/www.willysplan.com\/ca\/tours-barcelona-ca\/visita-guiada-per-la-sagrada-familia\">Visita guiada per la Sagrada Fam\u00edlia<\/a><\/p>\n<p><a href=\"https:\/\/www.willysplan.com\/ca\/tours-barcelona-ca\/visita-guiada-pel-parc-guell\">Visita guiada pel Parc G\u00fcell<\/a><\/p>\n<p><a href=\"https:\/\/www.willysplan.com\/ca\/tours-barcelona-ca\/visita-guiada-per-lhospital-sant-pau\">Visita guiada per l\u00b4Hospital Sant Pau<\/a><\/p>\n<p><a href=\"https:\/\/www.willysplan.com\/ca\/tours-barcelona-ca\/tour-de-llums-de-nadal-a-barcelona\">Tour de llums de Nadal a Barcelona<\/a><\/p>\n<p><a href=\"https:\/\/www.willysplan.com\/ca\/tours-barcelona-ca\/muntar-a-cavall-per-barcelona\">Muntar a cavall a Barcelona<\/a><\/p>\n<p><a href=\"https:\/\/www.willysplan.com\/ca\/tours-barcelona-ca\/excursio-a-la-costa-brava-des-de-barcelona\">Excursi\u00f3 a la Costa Brava des de Barcelona<\/a><\/p>\n<p><a href=\"https:\/\/www.willysplan.com\/ca\/tours-barcelona-ca\/excursio-a-montserrat-des-de-barcelona\">Excursi\u00f3 a Montserrat des de Barcelona<\/a><\/p>\n<p><a href=\"https:\/\/www.willysplan.com\/ca\/tours-barcelona-ca\/ruta-muntant-a-cavall-per-barcelona\">Ruta muntant a cavall per Barcelona<\/a><\/p>\n<p><a href=\"https:\/\/www.willysplan.com\/ca\/tours-barcelona-ca\/tour-de-gaudi-i-modernisme-de-barcelona\">Tour de Gaud\u00ed i Modernisme de Barcelona<\/a><\/p>\n<p><a href=\"https:\/\/www.willysplan.com\/ca\/tours-barcelona-ca\/tour-gastronomic-per-barcelona\">Tour gastron\u00f2mic per Barcelona<\/a><\/p>\n<p><a href=\"https:\/\/www.willysplan.com\/ca\/tours-barcelona-ca\/tour-pel-barri-jueu-de-barcelona\">Tour pel Barri Jueu de Barcelona<\/a><\/p>\n<p><a href=\"https:\/\/www.willysplan.com\/ca\/tours-barcelona-ca\/visita-guiada-al-palau-de-la-musica-catalana\">Visita guiada al Palau de la M\u00fasica Catalana<\/a><\/p>\n\t\t\t\t\t\t\t\t<\/div>\n\t\t\t\t<\/div>\n\t\t\t\t\t<\/div>\n\t\t<\/div>\n\t\t\t\t<div class=\"elementor-column elementor-col-25 elementor-top-column elementor-element elementor-element-030e5c3\" data-id=\"030e5c3\" data-element_type=\"column\">\n\t\t\t<div class=\"elementor-widget-wrap elementor-element-populated\">\n\t\t\t\t\t\t\t<\/div>\n\t\t<\/div>\n\t\t\t\t<div class=\"elementor-column elementor-col-25 elementor-top-column elementor-element elementor-element-8372645\" data-id=\"8372645\" data-element_type=\"column\">\n\t\t\t<div class=\"elementor-widget-wrap elementor-element-populated\">\n\t\t\t\t\t\t\t<\/div>\n\t\t<\/div>\n\t\t\t\t\t<\/div>\n\t\t<\/section>\n\t\t\t\t<\/div>\n\t\t","protected":false},"excerpt":{"rendered":"<p>Tours &amp; activitats Barcelona Free tours a Barcelona Visites guiades per Barcelona Entrades a Barcelona Tours amb vaixell Barcelona Free tour pel barri g\u00f2tic Free tour de Gaud\u00ed i el Modernisme Free tour pel Parc G\u00fcell Free tour pel Raval de Barcelona Free tour pel Born de Barcelona Free tour per la Barcelona misteriosa i&hellip;&nbsp;<a href=\"https:\/\/www.willysplan.com\/ca\/mapa-del-lloc\" rel=\"bookmark\">Llegiu m\u00e9s &raquo;<span class=\"screen-reader-text\">Mapa del lloc<\/span><\/a><\/p>\n","protected":false},"author":1,"featured_media":0,"parent":0,"menu_order":0,"comment_status":"closed","ping_status":"closed","template":"page-templates\/template-pagebuilder-full-width.php","meta":{"neve_meta_sidebar":"full-width","neve_meta_container":"","neve_meta_enable_content_width":"on","neve_meta_content_width":100,"neve_meta_title_alignment":"","neve_meta_author_avatar":"","neve_post_elements_order":"","neve_meta_disable_header":"","neve_meta_disable_footer":"","neve_meta_disable_title":"","_joinchat":[],"footnotes":""},"class_list":["post-15619","page","type-page","status-publish","hentry"],"yoast_head":"<!-- This site is optimized with the Yoast SEO Premium plugin v20.1 (Yoast SEO v26.9) - https:\/\/yoast.com\/product\/yoast-seo-premium-wordpress\/ -->\n<title>Mapa del lloc - Willy&#039;s Plan \ud83c\udf43<\/title>\n<meta name=\"description\" content=\"Aquest \u00e9s el mapa del lloc web de Willy&#039;s Pla \ud83c\udf43\" \/>\n<meta name=\"robots\" content=\"index, follow, max-snippet:-1, max-image-preview:large, max-video-preview:-1\" \/>\n<link rel=\"canonical\" href=\"https:\/\/www.willysplan.com\/ca\/mapa-del-lloc\" \/>\n<meta property=\"og:locale\" content=\"ca_ES\" \/>\n<meta property=\"og:type\" content=\"article\" \/>\n<meta property=\"og:title\" content=\"Mapa del lloc\" \/>\n<meta property=\"og:description\" content=\"Aquest \u00e9s el mapa del lloc web de Willy&#039;s Pla \ud83c\udf43\" \/>\n<meta property=\"og:url\" content=\"https:\/\/www.willysplan.com\/ca\/mapa-del-lloc\" \/>\n<meta property=\"og:site_name\" content=\"Willy&#039;s Plan \ud83c\udf43\" \/>\n<meta property=\"article:modified_time\" content=\"2023-02-27T06:39:30+00:00\" \/>\n<meta name=\"twitter:card\" content=\"summary_large_image\" \/>\n<meta name=\"twitter:label1\" content=\"Temps estimat de lectura\" \/>\n\t<meta name=\"twitter:data1\" content=\"1 minut\" \/>\n<script type=\"application\/ld+json\" class=\"yoast-schema-graph\">{\"@context\":\"https:\/\/schema.org\",\"@graph\":[{\"@type\":\"WebPage\",\"@id\":\"https:\/\/www.willysplan.com\/ca\/mapa-del-lloc\",\"url\":\"https:\/\/www.willysplan.com\/ca\/mapa-del-lloc\",\"name\":\"Mapa del lloc - Willy&#039;s Plan \ud83c\udf43\",\"isPartOf\":{\"@id\":\"https:\/\/www.willysplan.com\/#website\"},\"datePublished\":\"2022-06-09T19:58:14+00:00\",\"dateModified\":\"2023-02-27T06:39:30+00:00\",\"description\":\"Aquest \u00e9s el mapa del lloc web de Willy's Pla \ud83c\udf43\",\"inLanguage\":\"ca\",\"potentialAction\":[{\"@type\":\"ReadAction\",\"target\":[\"https:\/\/www.willysplan.com\/ca\/mapa-del-lloc\"]}]},{\"@type\":\"WebSite\",\"@id\":\"https:\/\/www.willysplan.com\/#website\",\"url\":\"https:\/\/www.willysplan.com\/\",\"name\":\"Willy&#039;s Plan \ud83c\udf43\",\"description\":\"Escapadas y Planes de fin de semana\",\"publisher\":{\"@id\":\"https:\/\/www.willysplan.com\/#organization\"},\"potentialAction\":[{\"@type\":\"SearchAction\",\"target\":{\"@type\":\"EntryPoint\",\"urlTemplate\":\"https:\/\/www.willysplan.com\/?s={search_term_string}\"},\"query-input\":{\"@type\":\"PropertyValueSpecification\",\"valueRequired\":true,\"valueName\":\"search_term_string\"}}],\"inLanguage\":\"ca\"},{\"@type\":\"Organization\",\"@id\":\"https:\/\/www.willysplan.com\/#organization\",\"name\":\"Willy&#039;s Plan \ud83c\udf43\",\"url\":\"https:\/\/www.willysplan.com\/\",\"logo\":{\"@type\":\"ImageObject\",\"inLanguage\":\"ca\",\"@id\":\"https:\/\/www.willysplan.com\/#\/schema\/logo\/image\/\",\"url\":\"https:\/\/www.willysplan.com\/wp-content\/uploads\/2020\/04\/cropped-logo-1.png\",\"contentUrl\":\"https:\/\/www.willysplan.com\/wp-content\/uploads\/2020\/04\/cropped-logo-1.png\",\"width\":332,\"height\":332,\"caption\":\"Willy&#039;s Plan \ud83c\udf43\"},\"image\":{\"@id\":\"https:\/\/www.willysplan.com\/#\/schema\/logo\/image\/\"}}]}<\/script>\n<!-- \/ Yoast SEO Premium plugin. -->","yoast_head_json":{"title":"Mapa del lloc - Willy&#039;s Plan \ud83c\udf43","description":"Aquest \u00e9s el mapa del lloc web de Willy's Pla \ud83c\udf43","robots":{"index":"index","follow":"follow","max-snippet":"max-snippet:-1","max-image-preview":"max-image-preview:large","max-video-preview":"max-video-preview:-1"},"canonical":"https:\/\/www.willysplan.com\/ca\/mapa-del-lloc","og_locale":"ca_ES","og_type":"article","og_title":"Mapa del lloc","og_description":"Aquest \u00e9s el mapa del lloc web de Willy's Pla \ud83c\udf43","og_url":"https:\/\/www.willysplan.com\/ca\/mapa-del-lloc","og_site_name":"Willy&#039;s Plan \ud83c\udf43","article_modified_time":"2023-02-27T06:39:30+00:00","twitter_card":"summary_large_image","twitter_misc":{"Temps estimat de lectura":"1 minut"},"schema":{"@context":"https:\/\/schema.org","@graph":[{"@type":"WebPage","@id":"https:\/\/www.willysplan.com\/ca\/mapa-del-lloc","url":"https:\/\/www.willysplan.com\/ca\/mapa-del-lloc","name":"Mapa del lloc - Willy&#039;s Plan \ud83c\udf43","isPartOf":{"@id":"https:\/\/www.willysplan.com\/#website"},"datePublished":"2022-06-09T19:58:14+00:00","dateModified":"2023-02-27T06:39:30+00:00","description":"Aquest \u00e9s el mapa del lloc web de Willy's Pla \ud83c\udf43","inLanguage":"ca","potentialAction":[{"@type":"ReadAction","target":["https:\/\/www.willysplan.com\/ca\/mapa-del-lloc"]}]},{"@type":"WebSite","@id":"https:\/\/www.willysplan.com\/#website","url":"https:\/\/www.willysplan.com\/","name":"Willy&#039;s Plan \ud83c\udf43","description":"Escapadas y Planes de fin de semana","publisher":{"@id":"https:\/\/www.willysplan.com\/#organization"},"potentialAction":[{"@type":"SearchAction","target":{"@type":"EntryPoint","urlTemplate":"https:\/\/www.willysplan.com\/?s={search_term_string}"},"query-input":{"@type":"PropertyValueSpecification","valueRequired":true,"valueName":"search_term_string"}}],"inLanguage":"ca"},{"@type":"Organization","@id":"https:\/\/www.willysplan.com\/#organization","name":"Willy&#039;s Plan \ud83c\udf43","url":"https:\/\/www.willysplan.com\/","logo":{"@type":"ImageObject","inLanguage":"ca","@id":"https:\/\/www.willysplan.com\/#\/schema\/logo\/image\/","url":"https:\/\/www.willysplan.com\/wp-content\/uploads\/2020\/04\/cropped-logo-1.png","contentUrl":"https:\/\/www.willysplan.com\/wp-content\/uploads\/2020\/04\/cropped-logo-1.png","width":332,"height":332,"caption":"Willy&#039;s Plan \ud83c\udf43"},"image":{"@id":"https:\/\/www.willysplan.com\/#\/schema\/logo\/image\/"}}]}},"_links":{"self":[{"href":"https:\/\/www.willysplan.com\/ca\/wp-json\/wp\/v2\/pages\/15619","targetHints":{"allow":["GET"]}}],"collection":[{"href":"https:\/\/www.willysplan.com\/ca\/wp-json\/wp\/v2\/pages"}],"about":[{"href":"https:\/\/www.willysplan.com\/ca\/wp-json\/wp\/v2\/types\/page"}],"author":[{"embeddable":true,"href":"https:\/\/www.willysplan.com\/ca\/wp-json\/wp\/v2\/users\/1"}],"replies":[{"embeddable":true,"href":"https:\/\/www.willysplan.com\/ca\/wp-json\/wp\/v2\/comments?post=15619"}],"version-history":[{"count":9,"href":"https:\/\/www.willysplan.com\/ca\/wp-json\/wp\/v2\/pages\/15619\/revisions"}],"predecessor-version":[{"id":17452,"href":"https:\/\/www.willysplan.com\/ca\/wp-json\/wp\/v2\/pages\/15619\/revisions\/17452"}],"wp:attachment":[{"href":"https:\/\/www.willysplan.com\/ca\/wp-json\/wp\/v2\/media?parent=15619"}],"curies":[{"name":"wp","href":"https:\/\/api.w.org\/{rel}","templated":true}]}}