{"id":15616,"date":"2022-05-23T21:58:10","date_gmt":"2022-05-23T20:58:10","guid":{"rendered":"https:\/\/willysplan.com\/passejades-amb-vaixell-veler-i-catamara-a-barcelona"},"modified":"2023-04-14T17:31:39","modified_gmt":"2023-04-14T16:31:39","slug":"passejades-amb-vaixell-veler-i-catamara-a-barcelona","status":"publish","type":"page","link":"https:\/\/www.willysplan.com\/ca\/passejades-amb-vaixell-veler-i-catamara-a-barcelona","title":{"rendered":"Tours amb vaixell, veler i catamar\u00e0 a Barcelona"},"content":{"rendered":"\t\t<div data-elementor-type=\"wp-page\" data-elementor-id=\"15616\" class=\"elementor elementor-15616 elementor-8724\" data-elementor-post-type=\"page\">\n\t\t\t\t\t\t<section class=\"elementor-section elementor-top-section elementor-element elementor-element-36391c8 elementor-section-boxed elementor-section-height-default elementor-section-height-default\" data-id=\"36391c8\" data-element_type=\"section\">\n\t\t\t\t\t\t<div class=\"elementor-container elementor-column-gap-default\">\n\t\t\t\t\t<div class=\"elementor-column elementor-col-100 elementor-top-column elementor-element elementor-element-3e3c645\" data-id=\"3e3c645\" data-element_type=\"column\">\n\t\t\t<div class=\"elementor-widget-wrap elementor-element-populated\">\n\t\t\t\t\t\t<div class=\"elementor-element elementor-element-7130761 elementor-widget elementor-widget-text-editor\" data-id=\"7130761\" data-element_type=\"widget\" data-widget_type=\"text-editor.default\">\n\t\t\t\t<div class=\"elementor-widget-container\">\n\t\t\t\t\t\t\t\t\t<p><span style=\"font-weight: 400;\">Barcelona \u00e9s una ciutat coneguda per ser una gran porta al Mar Mediterrani i molts dels turistes arriben a aquesta localitat per aquesta mateixa ra\u00f3. Continua llegint si vols descobrir els <\/span><b>millors passejades amb veler, catamar\u00e0 i vaixell a Barcelona.<\/b><\/p>\n\t\t\t\t\t\t\t\t<\/div>\n\t\t\t\t<\/div>\n\t\t\t\t\t<\/div>\n\t\t<\/div>\n\t\t\t\t\t<\/div>\n\t\t<\/section>\n\t\t\t\t<section class=\"elementor-section elementor-top-section elementor-element elementor-element-f77fe69 elementor-section-boxed elementor-section-height-default elementor-section-height-default\" data-id=\"f77fe69\" data-element_type=\"section\">\n\t\t\t\t\t\t<div class=\"elementor-container elementor-column-gap-default\">\n\t\t\t\t\t<div class=\"elementor-column elementor-col-100 elementor-top-column elementor-element elementor-element-5fe2273\" data-id=\"5fe2273\" data-element_type=\"column\">\n\t\t\t<div class=\"elementor-widget-wrap elementor-element-populated\">\n\t\t\t\t\t\t<div class=\"elementor-element elementor-element-0d68738 elementor-widget elementor-widget-html\" data-id=\"0d68738\" data-element_type=\"widget\" data-widget_type=\"html.default\">\n\t\t\t\t<div class=\"elementor-widget-container\">\n\t\t\t\t\t<div style=\"text-align:center;\"><script>function loadScript(url, callback){var script=document.createElement('script'); script.type='text\/javascript'; if (script.readyState){script.onreadystatechange=function(){if (script.readyState=='loaded' || script.readyState=='complete'){script.onreadystatechange=null; callback();}};}else{script.onload=function(){callback();};}script.src=url; document.getElementsByTagName('head')[0].appendChild(script);}loadScript('https:\/\/cdn2.civitatis.com\/js\/vendor\/iframeResizer.min.js', function(){iFrameResize({checkOrigin:false,initCallback:function(iframe){setTimeout(function(){var resizeEvent = window.document.createEvent('UIEvents'); resizeEvent.initUIEvent('resize', true, false, window, 0); iframe.dispatchEvent(resizeEvent);});>})<\/script><iframe class=\"civitatis-iframe\" src=\"https:\/\/www.civitatis.com\/widget-activities\/?affiliated=100249&amp;display=comfort&amp;cant=100&amp;lang=es&amp;currency=EUR&amp;destination=35&amp;category=8&amp;transfer=0&amp;cmp=Tours_normales_Barcelona&amp;width=100%&amp;hideButton=0&amp;centerContent=1&amp;typeSelection=category&amp;color=55595c&amp;typography=Open+Sans&amp;removeBackground=1&amp;showShadow=1&amp;roundedButtons=1\" width=\"100%\" frameborder=\"0\" data-maxwidth=\"100%\" style=\"max-width: 100%\"><\/iframe><\/div>\t\t\t\t<\/div>\n\t\t\t\t<\/div>\n\t\t\t\t\t<\/div>\n\t\t<\/div>\n\t\t\t\t\t<\/div>\n\t\t<\/section>\n\t\t\t\t<section class=\"elementor-section elementor-top-section elementor-element elementor-element-72e0669 elementor-section-boxed elementor-section-height-default elementor-section-height-default\" data-id=\"72e0669\" data-element_type=\"section\">\n\t\t\t\t\t\t<div class=\"elementor-container elementor-column-gap-default\">\n\t\t\t\t\t<div class=\"elementor-column elementor-col-100 elementor-top-column elementor-element elementor-element-c42d138\" data-id=\"c42d138\" data-element_type=\"column\">\n\t\t\t<div class=\"elementor-widget-wrap elementor-element-populated\">\n\t\t\t\t\t\t<div class=\"elementor-element elementor-element-889a0a4 elementor-widget elementor-widget-heading\" data-id=\"889a0a4\" data-element_type=\"widget\" data-widget_type=\"heading.default\">\n\t\t\t\t<div class=\"elementor-widget-container\">\n\t\t\t\t\t<h2 class=\"elementor-heading-title elementor-size-default\">Per qu\u00e8 fer una excursi\u00f3 amb vaixell per Barcelona?<\/h2>\t\t\t\t<\/div>\n\t\t\t\t<\/div>\n\t\t\t\t\t<\/div>\n\t\t<\/div>\n\t\t\t\t\t<\/div>\n\t\t<\/section>\n\t\t\t\t<section class=\"elementor-section elementor-top-section elementor-element elementor-element-1076fbe elementor-section-boxed elementor-section-height-default elementor-section-height-default\" data-id=\"1076fbe\" data-element_type=\"section\">\n\t\t\t\t\t\t<div class=\"elementor-container elementor-column-gap-default\">\n\t\t\t\t\t<div class=\"elementor-column elementor-col-100 elementor-top-column elementor-element elementor-element-94ddda1\" data-id=\"94ddda1\" data-element_type=\"column\">\n\t\t\t<div class=\"elementor-widget-wrap elementor-element-populated\">\n\t\t\t\t\t\t<div class=\"elementor-element elementor-element-c5059c9 elementor-widget elementor-widget-text-editor\" data-id=\"c5059c9\" data-element_type=\"widget\" data-widget_type=\"text-editor.default\">\n\t\t\t\t<div class=\"elementor-widget-container\">\n\t\t\t\t\t\t\t\t\t<p><span style=\"font-weight: 400;\">Les passejades amb vaixell per Barcelona s\u00f3n la millor manera d&#8217;<\/span> <b>afegir un toc especial<\/b><span style=\"font-weight: 400;\"> a les teves vacances. Gr\u00e0cies a la ubicaci\u00f3 estrat\u00e8gica que presenta la ciutat, mai no ha estat tan f\u00e0cil poder gaudir d&#8217;una aventura com aquesta, ja sigui a<\/span> <b>embarcacions privades<\/b> <span style=\"font-weight: 400;\">(com un passeig amb veler per Barcelona) o<\/span> <b>compartides<\/b> <span style=\"font-weight: 400;\">(com les famoses orenetes del port).<\/span><\/p>\n<\/p>\n<p><span style=\"font-weight: 400;\">Barcelona s&#8217;ha convertit en una de les principals destinacions vacacionals europees i per aix\u00f2 els carrers de la ciutat poden estar for\u00e7a plens de turistes, sobretot a l&#8217;estiu. Per aquest motiu, <\/span><b>contractar una excursi\u00f3 amb vaixell<\/b> <span style=\"font-weight: 400;\">, pot ser la millor manera d&#8217;escapar de l&#8217;enrenou del centre i dedicar un dia a desconnectar i con\u00e8ixer la ciutat des d&#8217;una altra perspectiva molt m\u00e9s original.<\/span><\/p>\n<p><span style=\"font-weight: 400;\">Quan puges a bord, en q\u00fcesti\u00f3 de pocs minuts ja estar\u00e0s<\/span> <b>solcant el Mar Mediterrani<\/b> <span style=\"font-weight: 400;\">i deixant enrere el soroll de la Ciutat Comtal. En el moment en qu\u00e8 escoltis nom\u00e9s el soroll de les onades trencant contra l&#8217;embarcaci\u00f3 i el xiulet de l&#8217;aire, ser\u00e0 quan sentir\u00e0s que est\u00e0s vivint la<\/span><b> ciutat en tota la seva ess\u00e8ncia.<\/b><\/p>\n\t\t\t\t\t\t\t\t<\/div>\n\t\t\t\t<\/div>\n\t\t\t\t\t<\/div>\n\t\t<\/div>\n\t\t\t\t\t<\/div>\n\t\t<\/section>\n\t\t\t\t<section class=\"elementor-section elementor-top-section elementor-element elementor-element-4b06a68 elementor-section-boxed elementor-section-height-default elementor-section-height-default\" data-id=\"4b06a68\" data-element_type=\"section\">\n\t\t\t\t\t\t<div class=\"elementor-container elementor-column-gap-default\">\n\t\t\t\t\t<div class=\"elementor-column elementor-col-100 elementor-top-column elementor-element elementor-element-15a9432\" data-id=\"15a9432\" data-element_type=\"column\">\n\t\t\t<div class=\"elementor-widget-wrap elementor-element-populated\">\n\t\t\t\t\t\t<div class=\"elementor-element elementor-element-242246f elementor-widget elementor-widget-heading\" data-id=\"242246f\" data-element_type=\"widget\" data-widget_type=\"heading.default\">\n\t\t\t\t<div class=\"elementor-widget-container\">\n\t\t\t\t\t<h2 class=\"elementor-heading-title elementor-size-default\">Com funcionen les passejades amb vaixell, veler o catamar\u00e0?<\/h2>\t\t\t\t<\/div>\n\t\t\t\t<\/div>\n\t\t\t\t\t<\/div>\n\t\t<\/div>\n\t\t\t\t\t<\/div>\n\t\t<\/section>\n\t\t\t\t<section class=\"elementor-section elementor-top-section elementor-element elementor-element-541b4c1 elementor-section-boxed elementor-section-height-default elementor-section-height-default\" data-id=\"541b4c1\" data-element_type=\"section\">\n\t\t\t\t\t\t<div class=\"elementor-container elementor-column-gap-default\">\n\t\t\t\t\t<div class=\"elementor-column elementor-col-100 elementor-top-column elementor-element elementor-element-0750da9\" data-id=\"0750da9\" data-element_type=\"column\">\n\t\t\t<div class=\"elementor-widget-wrap elementor-element-populated\">\n\t\t\t\t\t\t<div class=\"elementor-element elementor-element-09bc50b elementor-widget elementor-widget-text-editor\" data-id=\"09bc50b\" data-element_type=\"widget\" data-widget_type=\"text-editor.default\">\n\t\t\t\t<div class=\"elementor-widget-container\">\n\t\t\t\t\t\t\t\t\t<p><span style=\"font-weight: 400;\">Per poder reservar un tour amb vaixell per Barcelona, l&#8217;\u00fanic que haur\u00e0s de fer \u00e9s reservar el que m\u00e9s cridi la teva atenci\u00f3 a trav\u00e9s d&#8217;internet i acostar-te fins al<\/span> <b>port ol\u00edmpic<\/b><span style=\"font-weight: 400;\">, el dia i l&#8217;hora acordats. Depenent de l&#8217;experi\u00e8ncia que hagis triat, haur\u00e0s de portar amb tu el vestit de bany, una mica per picar i la crema de sol.<\/span><\/p>\n<\/p>\n<p><span style=\"font-weight: 400;\">Hi ha<\/span> <b>viatges amb vaixell per Barcelona<\/b> <span style=\"font-weight: 400;\">que nom\u00e9s duren una hora, n&#8217;hi ha de mig dia i alguns en qu\u00e8 podr\u00e0s gaudir de tota una jornada a alta mar, amb guia incl\u00f2s:<\/span><\/p>\n<\/p>\n<ul>\n<li style=\"font-weight: 400;\" aria-level=\"1\"><span style=\"font-weight: 400;\">Passeig amb catamar\u00e0 per Barcelona al capvespre amb m\u00fasica en directe<\/span><\/li>\n<li style=\"font-weight: 400;\" aria-level=\"1\"><span style=\"font-weight: 400;\">Sortides amb vaixell pirata des del port i passant per les principals platges de Barcelona.<\/span><\/li>\n<li style=\"font-weight: 400;\" aria-level=\"1\"><span style=\"font-weight: 400;\">Sortida amb veler a Barcelona amb aperitiu incl\u00f2s<\/span><\/li>\n<li style=\"font-weight: 400;\" aria-level=\"1\"><span style=\"font-weight: 400;\">Excursi\u00f3 lliure amb vaixell de motor sense vela<\/span><\/li>\n<li style=\"font-weight: 400;\" aria-level=\"1\"><span style=\"font-weight: 400;\">Festa a bord d\u00b4un catamar\u00e0<\/span><\/li>\n<\/ul>\n\t\t\t\t\t\t\t\t<\/div>\n\t\t\t\t<\/div>\n\t\t\t\t\t<\/div>\n\t\t<\/div>\n\t\t\t\t\t<\/div>\n\t\t<\/section>\n\t\t\t\t<section class=\"elementor-section elementor-top-section elementor-element elementor-element-c562458 elementor-section-boxed elementor-section-height-default elementor-section-height-default\" data-id=\"c562458\" data-element_type=\"section\">\n\t\t\t\t\t\t<div class=\"elementor-container elementor-column-gap-default\">\n\t\t\t\t\t<div class=\"elementor-column elementor-col-100 elementor-top-column elementor-element elementor-element-57ece45\" data-id=\"57ece45\" data-element_type=\"column\">\n\t\t\t<div class=\"elementor-widget-wrap elementor-element-populated\">\n\t\t\t\t\t\t<div class=\"elementor-element elementor-element-f6be30c elementor-widget elementor-widget-heading\" data-id=\"f6be30c\" data-element_type=\"widget\" data-widget_type=\"heading.default\">\n\t\t\t\t<div class=\"elementor-widget-container\">\n\t\t\t\t\t<h2 class=\"elementor-heading-title elementor-size-default\">A partir de quins preus puc fer una excursi\u00f3 amb vaixell per Barcelona?<\/h2>\t\t\t\t<\/div>\n\t\t\t\t<\/div>\n\t\t\t\t\t<\/div>\n\t\t<\/div>\n\t\t\t\t\t<\/div>\n\t\t<\/section>\n\t\t\t\t<section class=\"elementor-section elementor-top-section elementor-element elementor-element-2bbd4f0 elementor-section-boxed elementor-section-height-default elementor-section-height-default\" data-id=\"2bbd4f0\" data-element_type=\"section\">\n\t\t\t\t\t\t<div class=\"elementor-container elementor-column-gap-default\">\n\t\t\t\t\t<div class=\"elementor-column elementor-col-100 elementor-top-column elementor-element elementor-element-961c841\" data-id=\"961c841\" data-element_type=\"column\">\n\t\t\t<div class=\"elementor-widget-wrap elementor-element-populated\">\n\t\t\t\t\t\t<div class=\"elementor-element elementor-element-6f36f1a elementor-widget elementor-widget-text-editor\" data-id=\"6f36f1a\" data-element_type=\"widget\" data-widget_type=\"text-editor.default\">\n\t\t\t\t<div class=\"elementor-widget-container\">\n\t\t\t\t\t\t\t\t\t<p><span style=\"font-weight: 400;\">Barcelona \u00e9s una ciutat constru\u00efda aprofitant al m\u00e0xim els beneficis que el mar li atorga. Per\u00f2 el mar no nom\u00e9s \u00e9s una font de riquesa per als seus habitants, sin\u00f3 que pot ser la millor manera de<\/span> <b>passar unes vacances diferents<\/b> <span style=\"font-weight: 400;\">amb fam\u00edlia, parella o amb amics.<\/span><\/p>\n<\/p>\n<p><span style=\"font-weight: 400;\">Els<\/span> <b>preus d&#8217;un passeig amb vaixell<\/b><span style=\"font-weight: 400;\"> per Barcelona oscil\u00b7len depenent dels serveis que contractis i el temps que vulguis estar a bord. Trobar\u00e0s ofertes amb les que podr\u00e0s sortir a fer una passejada en catamar\u00e0 per Barcelona d&#8217;1 hora,<\/span><b> des de 12\u20ac<\/b><span style=\"font-weight: 400;\">. Els nens, usualment tenen descomptes per a aquestes activitats i els menors de 3 anys solen anar de franc.<\/span><\/p>\n<p><span style=\"font-weight: 400;\">A partir d&#8217;aquest preu, els serveis que podeu contractar, per fer de la vostra experi\u00e8ncia un moment \u00fanic, s\u00f3n infinits. Deixa volar la teva imaginaci\u00f3 i imagina&#8217;t completament sol, <\/span><b>solcant els mars<\/b> <span style=\"font-weight: 400;\">mentre prens una copa del millor cava catal\u00e0.<\/span><\/p>\n\t\t\t\t\t\t\t\t<\/div>\n\t\t\t\t<\/div>\n\t\t\t\t\t<\/div>\n\t\t<\/div>\n\t\t\t\t\t<\/div>\n\t\t<\/section>\n\t\t\t\t<\/div>\n\t\t","protected":false},"excerpt":{"rendered":"<p>Barcelona \u00e9s una ciutat coneguda per ser una gran porta al Mar Mediterrani i molts dels turistes arriben a aquesta localitat per aquesta mateixa ra\u00f3. Continua llegint si vols descobrir els millors passejades amb veler, catamar\u00e0 i vaixell a Barcelona. Per qu\u00e8 fer una excursi\u00f3 amb vaixell per Barcelona? Les passejades amb vaixell per Barcelona&hellip;&nbsp;<a href=\"https:\/\/www.willysplan.com\/ca\/passejades-amb-vaixell-veler-i-catamara-a-barcelona\" rel=\"bookmark\">Llegiu m\u00e9s &raquo;<span class=\"screen-reader-text\">Tours amb vaixell, veler i catamar\u00e0 a Barcelona<\/span><\/a><\/p>\n","protected":false},"author":1,"featured_media":14827,"parent":0,"menu_order":0,"comment_status":"closed","ping_status":"closed","template":"","meta":{"neve_meta_sidebar":"","neve_meta_container":"","neve_meta_enable_content_width":"","neve_meta_content_width":0,"neve_meta_title_alignment":"","neve_meta_author_avatar":"","neve_post_elements_order":"","neve_meta_disable_header":"","neve_meta_disable_footer":"","neve_meta_disable_title":"","_joinchat":[],"footnotes":""},"class_list":["post-15616","page","type-page","status-publish","has-post-thumbnail","hentry"],"yoast_head":"<!-- This site is optimized with the Yoast SEO Premium plugin v20.1 (Yoast SEO v26.9) - https:\/\/yoast.com\/product\/yoast-seo-premium-wordpress\/ -->\n<title>Passejades amb vaixell, veler i catamar\u00e0 a Barcelona - Willy&#039;s Plan \ud83c\udf43<\/title>\n<meta name=\"description\" content=\"Est\u00e0s buscant passejades amb vaixell, veler i\/o catamar\u00e0 a Barcelona? Troba un llistat de sortides, tours i viatges amb vaixell i molt m\u00e9s. \u2705 Entra ara!\" \/>\n<meta name=\"robots\" content=\"index, follow, max-snippet:-1, max-image-preview:large, max-video-preview:-1\" \/>\n<link rel=\"canonical\" href=\"https:\/\/willysplan.com\/ca\/passejades-amb-vaixell-veler-i-catamara-a-barcelona\" \/>\n<meta property=\"og:locale\" content=\"ca_ES\" \/>\n<meta property=\"og:type\" content=\"article\" \/>\n<meta property=\"og:title\" content=\"Tours amb vaixell, veler i catamar\u00e0 a Barcelona\" \/>\n<meta property=\"og:description\" content=\"Est\u00e0s buscant passejades amb vaixell, veler i\/o catamar\u00e0 a Barcelona? Troba un llistat de sortides, tours i viatges amb vaixell i molt m\u00e9s. \u2705 Entra ara!\" \/>\n<meta property=\"og:url\" content=\"https:\/\/willysplan.com\/ca\/passejades-amb-vaixell-veler-i-catamara-a-barcelona\" \/>\n<meta property=\"og:site_name\" content=\"Willy&#039;s Plan \ud83c\udf43\" \/>\n<meta property=\"article:modified_time\" content=\"2023-04-14T16:31:39+00:00\" \/>\n<meta property=\"og:image\" content=\"https:\/\/www.willysplan.com\/wp-content\/uploads\/2022\/05\/tour-en-catamaran-por-barcelona.webp\" \/>\n\t<meta property=\"og:image:width\" content=\"230\" \/>\n\t<meta property=\"og:image:height\" content=\"150\" \/>\n\t<meta property=\"og:image:type\" content=\"image\/webp\" \/>\n<meta name=\"twitter:card\" content=\"summary_large_image\" \/>\n<meta name=\"twitter:label1\" content=\"Temps estimat de lectura\" \/>\n\t<meta name=\"twitter:data1\" content=\"3 minuts\" \/>\n<script type=\"application\/ld+json\" class=\"yoast-schema-graph\">{\"@context\":\"https:\/\/schema.org\",\"@graph\":[{\"@type\":\"WebPage\",\"@id\":\"https:\/\/www.willysplan.com\/paseos-en-barco-velero-catamaran\",\"url\":\"https:\/\/willysplan.com\/ca\/passejades-amb-vaixell-veler-i-catamara-a-barcelona\",\"name\":\"Passejades amb vaixell, veler i catamar\u00e0 a Barcelona - Willy's Plan \ud83c\udf43\",\"isPartOf\":{\"@id\":\"https:\/\/www.willysplan.com\/#website\"},\"primaryImageOfPage\":{\"@id\":\"https:\/\/willysplan.com\/ca\/passejades-amb-vaixell-veler-i-catamara-a-barcelona#primaryimage\"},\"image\":{\"@id\":\"https:\/\/willysplan.com\/ca\/passejades-amb-vaixell-veler-i-catamara-a-barcelona#primaryimage\"},\"thumbnailUrl\":\"https:\/\/www.willysplan.com\/wp-content\/uploads\/2022\/05\/tour-en-catamaran-por-barcelona.webp\",\"datePublished\":\"2022-05-23T20:58:10+00:00\",\"dateModified\":\"2023-04-14T16:31:39+00:00\",\"description\":\"Est\u00e0s buscant passejades amb vaixell, veler i\/o catamar\u00e0 a Barcelona? Troba un llistat de sortides, tours i viatges amb vaixell i molt m\u00e9s. \u2705 Entra ara!\",\"inLanguage\":\"ca\",\"potentialAction\":[{\"@type\":\"ReadAction\",\"target\":[\"https:\/\/willysplan.com\/ca\/passejades-amb-vaixell-veler-i-catamara-a-barcelona\"]}]},{\"@type\":\"ImageObject\",\"inLanguage\":\"ca\",\"@id\":\"https:\/\/willysplan.com\/ca\/passejades-amb-vaixell-veler-i-catamara-a-barcelona#primaryimage\",\"url\":\"https:\/\/www.willysplan.com\/wp-content\/uploads\/2022\/05\/tour-en-catamaran-por-barcelona.webp\",\"contentUrl\":\"https:\/\/www.willysplan.com\/wp-content\/uploads\/2022\/05\/tour-en-catamaran-por-barcelona.webp\",\"width\":230,\"height\":150},{\"@type\":\"WebSite\",\"@id\":\"https:\/\/www.willysplan.com\/#website\",\"url\":\"https:\/\/www.willysplan.com\/\",\"name\":\"Willy&#039;s Plan \ud83c\udf43\",\"description\":\"Escapadas y Planes de fin de semana\",\"publisher\":{\"@id\":\"https:\/\/www.willysplan.com\/#organization\"},\"potentialAction\":[{\"@type\":\"SearchAction\",\"target\":{\"@type\":\"EntryPoint\",\"urlTemplate\":\"https:\/\/www.willysplan.com\/?s={search_term_string}\"},\"query-input\":{\"@type\":\"PropertyValueSpecification\",\"valueRequired\":true,\"valueName\":\"search_term_string\"}}],\"inLanguage\":\"ca\"},{\"@type\":\"Organization\",\"@id\":\"https:\/\/www.willysplan.com\/#organization\",\"name\":\"Willy&#039;s Plan \ud83c\udf43\",\"url\":\"https:\/\/www.willysplan.com\/\",\"logo\":{\"@type\":\"ImageObject\",\"inLanguage\":\"ca\",\"@id\":\"https:\/\/www.willysplan.com\/#\/schema\/logo\/image\/\",\"url\":\"https:\/\/www.willysplan.com\/wp-content\/uploads\/2020\/04\/cropped-logo-1.png\",\"contentUrl\":\"https:\/\/www.willysplan.com\/wp-content\/uploads\/2020\/04\/cropped-logo-1.png\",\"width\":332,\"height\":332,\"caption\":\"Willy&#039;s Plan \ud83c\udf43\"},\"image\":{\"@id\":\"https:\/\/www.willysplan.com\/#\/schema\/logo\/image\/\"}}]}<\/script>\n<!-- \/ Yoast SEO Premium plugin. -->","yoast_head_json":{"title":"Passejades amb vaixell, veler i catamar\u00e0 a Barcelona - Willy's Plan \ud83c\udf43","description":"Est\u00e0s buscant passejades amb vaixell, veler i\/o catamar\u00e0 a Barcelona? Troba un llistat de sortides, tours i viatges amb vaixell i molt m\u00e9s. \u2705 Entra ara!","robots":{"index":"index","follow":"follow","max-snippet":"max-snippet:-1","max-image-preview":"max-image-preview:large","max-video-preview":"max-video-preview:-1"},"canonical":"https:\/\/willysplan.com\/ca\/passejades-amb-vaixell-veler-i-catamara-a-barcelona","og_locale":"ca_ES","og_type":"article","og_title":"Tours amb vaixell, veler i catamar\u00e0 a Barcelona","og_description":"Est\u00e0s buscant passejades amb vaixell, veler i\/o catamar\u00e0 a Barcelona? Troba un llistat de sortides, tours i viatges amb vaixell i molt m\u00e9s. \u2705 Entra ara!","og_url":"https:\/\/willysplan.com\/ca\/passejades-amb-vaixell-veler-i-catamara-a-barcelona","og_site_name":"Willy&#039;s Plan \ud83c\udf43","article_modified_time":"2023-04-14T16:31:39+00:00","og_image":[{"width":230,"height":150,"url":"https:\/\/www.willysplan.com\/wp-content\/uploads\/2022\/05\/tour-en-catamaran-por-barcelona.webp","type":"image\/webp"}],"twitter_card":"summary_large_image","twitter_misc":{"Temps estimat de lectura":"3 minuts"},"schema":{"@context":"https:\/\/schema.org","@graph":[{"@type":"WebPage","@id":"https:\/\/www.willysplan.com\/paseos-en-barco-velero-catamaran","url":"https:\/\/willysplan.com\/ca\/passejades-amb-vaixell-veler-i-catamara-a-barcelona","name":"Passejades amb vaixell, veler i catamar\u00e0 a Barcelona - Willy's Plan \ud83c\udf43","isPartOf":{"@id":"https:\/\/www.willysplan.com\/#website"},"primaryImageOfPage":{"@id":"https:\/\/willysplan.com\/ca\/passejades-amb-vaixell-veler-i-catamara-a-barcelona#primaryimage"},"image":{"@id":"https:\/\/willysplan.com\/ca\/passejades-amb-vaixell-veler-i-catamara-a-barcelona#primaryimage"},"thumbnailUrl":"https:\/\/www.willysplan.com\/wp-content\/uploads\/2022\/05\/tour-en-catamaran-por-barcelona.webp","datePublished":"2022-05-23T20:58:10+00:00","dateModified":"2023-04-14T16:31:39+00:00","description":"Est\u00e0s buscant passejades amb vaixell, veler i\/o catamar\u00e0 a Barcelona? Troba un llistat de sortides, tours i viatges amb vaixell i molt m\u00e9s. \u2705 Entra ara!","inLanguage":"ca","potentialAction":[{"@type":"ReadAction","target":["https:\/\/willysplan.com\/ca\/passejades-amb-vaixell-veler-i-catamara-a-barcelona"]}]},{"@type":"ImageObject","inLanguage":"ca","@id":"https:\/\/willysplan.com\/ca\/passejades-amb-vaixell-veler-i-catamara-a-barcelona#primaryimage","url":"https:\/\/www.willysplan.com\/wp-content\/uploads\/2022\/05\/tour-en-catamaran-por-barcelona.webp","contentUrl":"https:\/\/www.willysplan.com\/wp-content\/uploads\/2022\/05\/tour-en-catamaran-por-barcelona.webp","width":230,"height":150},{"@type":"WebSite","@id":"https:\/\/www.willysplan.com\/#website","url":"https:\/\/www.willysplan.com\/","name":"Willy&#039;s Plan \ud83c\udf43","description":"Escapadas y Planes de fin de semana","publisher":{"@id":"https:\/\/www.willysplan.com\/#organization"},"potentialAction":[{"@type":"SearchAction","target":{"@type":"EntryPoint","urlTemplate":"https:\/\/www.willysplan.com\/?s={search_term_string}"},"query-input":{"@type":"PropertyValueSpecification","valueRequired":true,"valueName":"search_term_string"}}],"inLanguage":"ca"},{"@type":"Organization","@id":"https:\/\/www.willysplan.com\/#organization","name":"Willy&#039;s Plan \ud83c\udf43","url":"https:\/\/www.willysplan.com\/","logo":{"@type":"ImageObject","inLanguage":"ca","@id":"https:\/\/www.willysplan.com\/#\/schema\/logo\/image\/","url":"https:\/\/www.willysplan.com\/wp-content\/uploads\/2020\/04\/cropped-logo-1.png","contentUrl":"https:\/\/www.willysplan.com\/wp-content\/uploads\/2020\/04\/cropped-logo-1.png","width":332,"height":332,"caption":"Willy&#039;s Plan \ud83c\udf43"},"image":{"@id":"https:\/\/www.willysplan.com\/#\/schema\/logo\/image\/"}}]}},"_links":{"self":[{"href":"https:\/\/www.willysplan.com\/ca\/wp-json\/wp\/v2\/pages\/15616","targetHints":{"allow":["GET"]}}],"collection":[{"href":"https:\/\/www.willysplan.com\/ca\/wp-json\/wp\/v2\/pages"}],"about":[{"href":"https:\/\/www.willysplan.com\/ca\/wp-json\/wp\/v2\/types\/page"}],"author":[{"embeddable":true,"href":"https:\/\/www.willysplan.com\/ca\/wp-json\/wp\/v2\/users\/1"}],"replies":[{"embeddable":true,"href":"https:\/\/www.willysplan.com\/ca\/wp-json\/wp\/v2\/comments?post=15616"}],"version-history":[{"count":6,"href":"https:\/\/www.willysplan.com\/ca\/wp-json\/wp\/v2\/pages\/15616\/revisions"}],"predecessor-version":[{"id":18232,"href":"https:\/\/www.willysplan.com\/ca\/wp-json\/wp\/v2\/pages\/15616\/revisions\/18232"}],"wp:featuredmedia":[{"embeddable":true,"href":"https:\/\/www.willysplan.com\/ca\/wp-json\/wp\/v2\/media\/14827"}],"wp:attachment":[{"href":"https:\/\/www.willysplan.com\/ca\/wp-json\/wp\/v2\/media?parent=15616"}],"curies":[{"name":"wp","href":"https:\/\/api.w.org\/{rel}","templated":true}]}}