{"id":15593,"date":"2020-04-17T18:57:23","date_gmt":"2020-04-17T17:57:23","guid":{"rendered":"https:\/\/www.willysplan.com\/politica-de-cookies"},"modified":"2023-01-03T21:08:41","modified_gmt":"2023-01-03T20:08:41","slug":"politica-de-cookies","status":"publish","type":"page","link":"https:\/\/www.willysplan.com\/ca\/politica-de-cookies","title":{"rendered":"Pol\u00edtica de cookies"},"content":{"rendered":"\n<p>En aquesta web recopilo i utilitzo la informaci\u00f3 segons indico a la meva <a href=\"https:\/\/www.willysplan.com\/privacity\">pol\u00edtica<\/a><a href=\"https:\/\/www.willysplan.com\/ca\/politica-de-privadesa\"> <\/a><a href=\"https:\/\/www.willysplan.com\/privacity\">de privadesa<\/a> . Una de les formes en qu\u00e8 recopilo informaci\u00f3 \u00e9s a trav\u00e9s de l&#8217;\u00fas de la tecnologia anomenada \u201ccookies\u201d. A Willysplan , s&#8217;utilitzen galetes per a diverses coses.<\/p>\n\n<p><strong>Qu\u00e8 \u00e9s una galeta?<\/strong><\/p>\n\n<p>Una galeta \u00e9s una petita quantitat de text que s&#8217;emmagatzema al teu navegador (com Chrome de Google o Safari d&#8217;Apple) quan navegues per la majoria dels llocs web.<\/p>\n\n<p><strong>Qu\u00e8 NO \u00e9s una galeta?<\/strong><\/p>\n\n<p>No \u00e9s un virus, ni un troi\u00e0, ni un cuc, ni spam, ni spyware, ni obre finestres pop-up.<\/p>\n\n<p><strong>Quina informaci\u00f3 emmagatzema una galeta?<\/strong><\/p>\n\n<p>Les cookies no solen emmagatzemar informaci\u00f3 sensible sobre vost\u00e8, com ara targetes de cr\u00e8dit o dades banc\u00e0ries, fotografies o informaci\u00f3 personal, etc. Les dades que guarden s\u00f3n de car\u00e0cter t\u00e8cnic, estad\u00edstiques, prefer\u00e8ncies personals, personalitzaci\u00f3 de continguts, etc.<\/p>\n\n<p>El servidor web no us associa a vost\u00e8 com a persona sin\u00f3 al vostre navegador web. De fet, si vost\u00e8 navega habitualment amb el navegador Chrome i prova a navegar per la mateixa web amb el navegador Firefox, veureu que la web no s&#8217;adona que \u00e9s vost\u00e8 la mateixa persona perqu\u00e8 en realitat est\u00e0 associant la informaci\u00f3 al navegador, no a la persona.<\/p>\n\n<p><strong>Quin tipus de galetes hi ha?<\/strong><\/p>\n\n<ul class=\"wp-block-list\"><li><strong>Galetes t\u00e8cniques:<\/strong> S\u00f3n les m\u00e9s elementals i permeten, entre altres coses, saber quan est\u00e0 navegant un hum\u00e0 o una aplicaci\u00f3 automatitzada, quan navega un usuari an\u00f2nim i un registrat, tasques b\u00e0siques per al funcionament de qualsevol web din\u00e0mica.<\/li><li><strong>Galetes d&#8217;an\u00e0lisi:<\/strong> recullen informaci\u00f3 sobre el tipus de navegaci\u00f3 que esteu realitzant, les seccions que m\u00e9s utilitzeu, productes consultats, franja hor\u00e0ria d&#8217;\u00fas, idioma, etc.<\/li><li><strong>Galetes publicit\u00e0ries:<\/strong> Mostren publicitat en funci\u00f3 de la seva navegaci\u00f3, el seu pa\u00eds de proced\u00e8ncia, idioma, etc.<\/li><\/ul>\n<p><strong>Qu\u00e8 s\u00f3n les cookies pr\u00f2pies i les de tercers?<\/strong><\/p>\n\n<p>Les cookies pr\u00f2pies s\u00f3n les generades per la p\u00e0gina que esteu visitant i les de tercers s\u00f3n les generades per serveis o prove\u00efdors externs com, Mailer Lite, Facebook, Twitter, Google adsense, etc.<\/p>\n\n<p><strong>Quines galetes utilitza aquesta web?<\/strong><\/p>\n\n<p>Aquest web utilitza cookies pr\u00f2pies i de tercers. En aquest lloc web s&#8217;utilitzen les cookies seg\u00fcents que es detallen a continuaci\u00f3:<\/p>\n\n<p>Cookies pr\u00f2pies:<\/p>\n\n<p>Llista de cookies<\/p>\n\n<p><strong>Personalitzaci\u00f3:<\/strong> Les galetes m&#8217;ajuden a recordar amb quines persones o llocs web has interactuat, perqu\u00e8 pugui mostrar contingut relacionat.<\/p>\n\n<p><strong>Prefer\u00e8ncies:<\/strong> Les galetes em permeten recordar els vostres ajustaments i prefer\u00e8ncies, com ara l&#8217;idioma preferit i la vostra configuraci\u00f3 de privadesa.<\/p>\n\n<p><strong>Seguretat:<\/strong> Utilitzo cookies per evitar riscos de seguretat.<\/p>\n\n<p>Galetes de tercers<\/p>\n\n<p>Aquest web utilitza serveis d&#8217;an\u00e0lisi, concretament, Google Analytics per ajudar el website a analitzar l&#8217;\u00fas que fan els usuaris del lloc web i millorar-ne la usabilitat, per\u00f2 en cap cas s&#8217;associen a dades que poguessin arribar a identificar l&#8217;usuari. Google Analytics \u00e9s un servei anal\u00edtic de web prestat per Google, Inc., L&#8217;usuari pot consultar <a href=\"https:\/\/www.google.es\/intl\/es\/policies\/technologies\/types\/\">aqu\u00ed<\/a> el tipus de galetes utilitzades per Google.<\/p>\n\n<p>Les galetes de xarxes socials es poden emmagatzemar al vostre navegador mentre navega per https:\/\/willysplan.comper exemple, quan utilitzeu el bot\u00f3 de compartir continguts de https:\/\/willysplan.comen alguna xarxa social.<br\/>A continuaci\u00f3 tens informaci\u00f3 sobre les cookies de les xarxes socials que utilitza aquesta web a les seves pr\u00f2pies pol\u00edtiques de cookies:<\/p>\n\n<ul class=\"wp-block-list\"><li>Cookies de Facebook, veure m\u00e9s informaci\u00f3 a la seva <a href=\"https:\/\/app.innoit.net\/lopd\/imprimirPoliticaCookies.action?modo=1\">pol\u00edtica de cookies<\/a><\/li><li>Galetes de Twitter, veure m\u00e9s informaci\u00f3 a la seva <a href=\"https:\/\/app.innoit.net\/lopd\/imprimirPoliticaCookies.action?modo=1\">pol\u00edtica de cookies<\/a><\/li><li>Cookies d&#8217;Instagram, veure m\u00e9s informaci\u00f3 a la seva <a href=\"https:\/\/app.innoit.net\/lopd\/imprimirPoliticaCookies.action?modo=1\">pol\u00edtica de cookies<\/a><\/li><li>Cookies de Google+, veure m\u00e9s informaci\u00f3 a la seva <a href=\"https:\/\/app.innoit.net\/lopd\/imprimirPoliticaCookies.action?modo=1\">pol\u00edtica de cookies<\/a><\/li><li>Galetes de Linkedin, veure m\u00e9s informaci\u00f3 a la seva <a href=\"https:\/\/app.innoit.net\/lopd\/imprimirPoliticaCookies.action?modo=1\">pol\u00edtica de cookies<\/a><\/li><li>Cookies de Pinterest, veure m\u00e9s informaci\u00f3 a la seva <a href=\"https:\/\/app.innoit.net\/lopd\/imprimirPoliticaCookies.action?modo=1\">pol\u00edtica de cookies<\/a><\/li><li>Cookies de Youtube, veure m\u00e9s informaci\u00f3 a la seva <a href=\"https:\/\/app.innoit.net\/lopd\/imprimirPoliticaCookies.action?modo=1\">pol\u00edtica de cookies<\/a><\/li><\/ul>\n<p>Puc utilitzar <strong>plataformes de serveis d&#8217;afiliaci\u00f3<\/strong> que usen cookies de navegador per fer seguiment de les vendes que van tenir origen en aquesta web als programes d&#8217;afiliats amb qu\u00e8 col\u00b7labora aquesta web.<\/p>\n\n<p><strong>Es poden eliminar les galetes?<\/strong><\/p>\n\n<p>S\u00ed, i no nom\u00e9s eliminar, tamb\u00e9 bloquejar, de manera general o particular per a un domini espec\u00edfic.<br\/>Per eliminar les cookies d&#8217;un lloc web heu d&#8217;anar a la configuraci\u00f3 del vostre navegador i all\u00e0 podreu buscar les associades al domini en q\u00fcesti\u00f3 i procedir a la seva eliminaci\u00f3.<\/p>\n\n<ul class=\"wp-block-list\"><li>Configuraci\u00f3 de cookies per a <a href=\"http:\/\/support.google.com\/chrome\/bin\/answer.py?hl=es&amp;answer=95647\">Google Chrome<\/a><\/li><li>Configuraci\u00f3 de cookies per a <a href=\"https:\/\/support.apple.com\/es-es\/HT201265\">Apple Safari<\/a><\/li><li>Configuraci\u00f3 de cookies per a <a href=\"https:\/\/support.microsoft.com\/en-us\/help\/17442\/windows-internet-explorer-delete-manage-cookies#ie=ie-10\">Internet Explorer<\/a><\/li><li>Configuraci\u00f3 de cookies per a <a href=\"https:\/\/support.mozilla.org\/es\/kb\/habilitar-y-deshabilitar-cookies-sitios-web-rastrear-preferencias?redirectlocale=es&amp;redirectslug=habilitar-y-deshabilitar-cookies-que-los-sitios-we\">Mozilla Firefox<\/a><\/li><\/ul>\n<p><strong>M\u00e9s informaci\u00f3 sobre les cookies<\/strong><\/p>\n\n<p>Podeu consultar el reglament sobre cookies publicat per l&#8217;Ag\u00e8ncia Espanyola de Protecci\u00f3 de Dades a la seva \u201cGuia sobre l&#8217;\u00fas de les cookies\u201d i obtenir m\u00e9s informaci\u00f3 sobre les cookies a Internet, <a href=\"http:\/\/www.aboutcookies.org\/\">http:\/\/www.aboutcookies.org\/<\/a><\/p>\n\n<p>Si voleu tenir m\u00e9s control sobre la instal\u00b7laci\u00f3 de cookies, podeu instal\u00b7lar programes o complements al vostre navegador, coneguts com a eines de \u201cDo Not Track\u201d, que us permetran escollir aquelles cookies que voleu permetre.<br\/><\/p>\n","protected":false},"excerpt":{"rendered":"<p>En aquesta web recopilo i utilitzo la informaci\u00f3 segons indico a la meva pol\u00edtica de privadesa . Una de les formes en qu\u00e8 recopilo informaci\u00f3 \u00e9s a trav\u00e9s de l&#8217;\u00fas de la tecnologia anomenada \u201ccookies\u201d. A Willysplan , s&#8217;utilitzen galetes per a diverses coses. Qu\u00e8 \u00e9s una galeta? Una galeta \u00e9s una petita quantitat de&hellip;&nbsp;<a href=\"https:\/\/www.willysplan.com\/ca\/politica-de-cookies\" rel=\"bookmark\">Llegiu m\u00e9s &raquo;<span class=\"screen-reader-text\">Pol\u00edtica de cookies<\/span><\/a><\/p>\n","protected":false},"author":1,"featured_media":0,"parent":0,"menu_order":0,"comment_status":"closed","ping_status":"closed","template":"","meta":{"neve_meta_sidebar":"","neve_meta_container":"","neve_meta_enable_content_width":"","neve_meta_content_width":0,"neve_meta_title_alignment":"","neve_meta_author_avatar":"","neve_post_elements_order":"","neve_meta_disable_header":"","neve_meta_disable_footer":"","neve_meta_disable_title":"","_joinchat":[],"footnotes":""},"class_list":["post-15593","page","type-page","status-publish","hentry"],"yoast_head":"<!-- This site is optimized with the Yoast SEO Premium plugin v27.5 (Yoast SEO v27.5) - https:\/\/yoast.com\/product\/yoast-seo-premium-wordpress\/ -->\n<title>Pol\u00edtica de cookies - Willy&#039;s Plan \ud83c\udf43<\/title>\n<meta name=\"robots\" content=\"noindex, nofollow\" \/>\n<meta property=\"og:locale\" content=\"ca_ES\" \/>\n<meta property=\"og:type\" content=\"article\" \/>\n<meta property=\"og:title\" content=\"Pol\u00edtica de cookies\" \/>\n<meta property=\"og:description\" content=\"En aquesta web recopilo i utilitzo la informaci\u00f3 segons indico a la meva pol\u00edtica de privadesa . Una de les formes en qu\u00e8 recopilo informaci\u00f3 \u00e9s a trav\u00e9s de l&#8217;\u00fas de la tecnologia anomenada \u201ccookies\u201d. A Willysplan , s&#8217;utilitzen galetes per a diverses coses. Qu\u00e8 \u00e9s una galeta? Una galeta \u00e9s una petita quantitat de&hellip;&nbsp;Llegiu m\u00e9s &raquo;Pol\u00edtica de cookies\" \/>\n<meta property=\"og:url\" content=\"https:\/\/www.willysplan.com\/politica-de-cookies\" \/>\n<meta property=\"og:site_name\" content=\"Willy&#039;s Plan \ud83c\udf43\" \/>\n<meta property=\"article:modified_time\" content=\"2023-01-03T20:08:41+00:00\" \/>\n<meta name=\"twitter:card\" content=\"summary_large_image\" \/>\n<meta name=\"twitter:label1\" content=\"Temps estimat de lectura\" \/>\n\t<meta name=\"twitter:data1\" content=\"4 minuts\" \/>\n<script type=\"application\/ld+json\" class=\"yoast-schema-graph\">{\"@context\":\"https:\\\/\\\/schema.org\",\"@graph\":[{\"@type\":\"WebPage\",\"@id\":\"https:\\\/\\\/www.willysplan.com\\\/politica-de-cookies\",\"url\":\"https:\\\/\\\/www.willysplan.com\\\/politica-de-cookies\",\"name\":\"Pol\u00edtica de cookies - Willy&#039;s Plan \ud83c\udf43\",\"isPartOf\":{\"@id\":\"https:\\\/\\\/www.willysplan.com\\\/#website\"},\"datePublished\":\"2020-04-17T17:57:23+00:00\",\"dateModified\":\"2023-01-03T20:08:41+00:00\",\"inLanguage\":\"ca\",\"potentialAction\":[{\"@type\":\"ReadAction\",\"target\":[\"https:\\\/\\\/www.willysplan.com\\\/politica-de-cookies\"]}]},{\"@type\":\"WebSite\",\"@id\":\"https:\\\/\\\/www.willysplan.com\\\/#website\",\"url\":\"https:\\\/\\\/www.willysplan.com\\\/\",\"name\":\"Willy&#039;s Plan \ud83c\udf43\",\"description\":\"Escapadas y Planes de fin de semana\",\"publisher\":{\"@id\":\"https:\\\/\\\/www.willysplan.com\\\/#organization\"},\"potentialAction\":[{\"@type\":\"SearchAction\",\"target\":{\"@type\":\"EntryPoint\",\"urlTemplate\":\"https:\\\/\\\/www.willysplan.com\\\/?s={search_term_string}\"},\"query-input\":{\"@type\":\"PropertyValueSpecification\",\"valueRequired\":true,\"valueName\":\"search_term_string\"}}],\"inLanguage\":\"ca\"},{\"@type\":\"Organization\",\"@id\":\"https:\\\/\\\/www.willysplan.com\\\/#organization\",\"name\":\"Willy&#039;s Plan \ud83c\udf43\",\"url\":\"https:\\\/\\\/www.willysplan.com\\\/\",\"logo\":{\"@type\":\"ImageObject\",\"inLanguage\":\"ca\",\"@id\":\"https:\\\/\\\/www.willysplan.com\\\/#\\\/schema\\\/logo\\\/image\\\/\",\"url\":\"https:\\\/\\\/www.willysplan.com\\\/wp-content\\\/uploads\\\/2020\\\/04\\\/cropped-logo-1.png\",\"contentUrl\":\"https:\\\/\\\/www.willysplan.com\\\/wp-content\\\/uploads\\\/2020\\\/04\\\/cropped-logo-1.png\",\"width\":332,\"height\":332,\"caption\":\"Willy&#039;s Plan \ud83c\udf43\"},\"image\":{\"@id\":\"https:\\\/\\\/www.willysplan.com\\\/#\\\/schema\\\/logo\\\/image\\\/\"}}]}<\/script>\n<!-- \/ Yoast SEO Premium plugin. -->","yoast_head_json":{"title":"Pol\u00edtica de cookies - Willy&#039;s Plan \ud83c\udf43","robots":{"index":"noindex","follow":"nofollow"},"og_locale":"ca_ES","og_type":"article","og_title":"Pol\u00edtica de cookies","og_description":"En aquesta web recopilo i utilitzo la informaci\u00f3 segons indico a la meva pol\u00edtica de privadesa . Una de les formes en qu\u00e8 recopilo informaci\u00f3 \u00e9s a trav\u00e9s de l&#8217;\u00fas de la tecnologia anomenada \u201ccookies\u201d. A Willysplan , s&#8217;utilitzen galetes per a diverses coses. Qu\u00e8 \u00e9s una galeta? Una galeta \u00e9s una petita quantitat de&hellip;&nbsp;Llegiu m\u00e9s &raquo;Pol\u00edtica de cookies","og_url":"https:\/\/www.willysplan.com\/politica-de-cookies","og_site_name":"Willy&#039;s Plan \ud83c\udf43","article_modified_time":"2023-01-03T20:08:41+00:00","twitter_card":"summary_large_image","twitter_misc":{"Temps estimat de lectura":"4 minuts"},"schema":{"@context":"https:\/\/schema.org","@graph":[{"@type":"WebPage","@id":"https:\/\/www.willysplan.com\/politica-de-cookies","url":"https:\/\/www.willysplan.com\/politica-de-cookies","name":"Pol\u00edtica de cookies - Willy&#039;s Plan \ud83c\udf43","isPartOf":{"@id":"https:\/\/www.willysplan.com\/#website"},"datePublished":"2020-04-17T17:57:23+00:00","dateModified":"2023-01-03T20:08:41+00:00","inLanguage":"ca","potentialAction":[{"@type":"ReadAction","target":["https:\/\/www.willysplan.com\/politica-de-cookies"]}]},{"@type":"WebSite","@id":"https:\/\/www.willysplan.com\/#website","url":"https:\/\/www.willysplan.com\/","name":"Willy&#039;s Plan \ud83c\udf43","description":"Escapadas y Planes de fin de semana","publisher":{"@id":"https:\/\/www.willysplan.com\/#organization"},"potentialAction":[{"@type":"SearchAction","target":{"@type":"EntryPoint","urlTemplate":"https:\/\/www.willysplan.com\/?s={search_term_string}"},"query-input":{"@type":"PropertyValueSpecification","valueRequired":true,"valueName":"search_term_string"}}],"inLanguage":"ca"},{"@type":"Organization","@id":"https:\/\/www.willysplan.com\/#organization","name":"Willy&#039;s Plan \ud83c\udf43","url":"https:\/\/www.willysplan.com\/","logo":{"@type":"ImageObject","inLanguage":"ca","@id":"https:\/\/www.willysplan.com\/#\/schema\/logo\/image\/","url":"https:\/\/www.willysplan.com\/wp-content\/uploads\/2020\/04\/cropped-logo-1.png","contentUrl":"https:\/\/www.willysplan.com\/wp-content\/uploads\/2020\/04\/cropped-logo-1.png","width":332,"height":332,"caption":"Willy&#039;s Plan \ud83c\udf43"},"image":{"@id":"https:\/\/www.willysplan.com\/#\/schema\/logo\/image\/"}}]}},"_links":{"self":[{"href":"https:\/\/www.willysplan.com\/ca\/wp-json\/wp\/v2\/pages\/15593","targetHints":{"allow":["GET"]}}],"collection":[{"href":"https:\/\/www.willysplan.com\/ca\/wp-json\/wp\/v2\/pages"}],"about":[{"href":"https:\/\/www.willysplan.com\/ca\/wp-json\/wp\/v2\/types\/page"}],"author":[{"embeddable":true,"href":"https:\/\/www.willysplan.com\/ca\/wp-json\/wp\/v2\/users\/1"}],"replies":[{"embeddable":true,"href":"https:\/\/www.willysplan.com\/ca\/wp-json\/wp\/v2\/comments?post=15593"}],"version-history":[{"count":0,"href":"https:\/\/www.willysplan.com\/ca\/wp-json\/wp\/v2\/pages\/15593\/revisions"}],"wp:attachment":[{"href":"https:\/\/www.willysplan.com\/ca\/wp-json\/wp\/v2\/media?parent=15593"}],"curies":[{"name":"wp","href":"https:\/\/api.w.org\/{rel}","templated":true}]}}