{"id":15592,"date":"2020-04-17T18:57:13","date_gmt":"2020-04-17T17:57:13","guid":{"rendered":"https:\/\/www.willysplan.com\/avis-legal"},"modified":"2023-01-03T21:08:49","modified_gmt":"2023-01-03T20:08:49","slug":"avis-legal","status":"publish","type":"page","link":"https:\/\/www.willysplan.com\/ca\/avis-legal","title":{"rendered":"Av\u00eds Legal"},"content":{"rendered":"\n<p><strong>Dades del Responsable<\/strong><\/p>\n\n<ul class=\"wp-block-list\"><li><strong>Identitat del Responsable:<\/strong> Guillem Asensio<\/li><li><strong>Nom comercial:<\/strong> Willysplan<\/li><li><strong>Adre\u00e7a:<\/strong> C\/ Tur\u00f3 Gros, 08140 Barcelona<\/li><li><strong>Correu electr\u00f2nic:<\/strong> help@willysplan.com<\/li><\/ul>\n<p>En aquest espai, l&#8217;usuari podr\u00e0 trobar tota la informaci\u00f3 relativa als termes i condicions legals que defineixen les relacions entre els usuaris i jo com a responsable d&#8217;aquesta web. Com a usuari, \u00e9s important que coneguis aquests termes abans de continuar la teva navegaci\u00f3.<\/p>\n\n<p>Willysplan (Guillem Asensio) com a responsable d&#8217;aquesta web, assumeixo el comprom\u00eds de processar la informaci\u00f3 dels meus usuaris i clients amb plenes garanties i complir els requisits nacionals i europeus que regulen la recopilaci\u00f3 i \u00fas de les dades personals dels meus usuaris.<\/p>\n\n<p>Aquest web, per tant, compleix rigorosament la Llei org\u00e0nica 15\/1999, de 13 de desembre, de protecci\u00f3 de dades de car\u00e0cter personal (LOPD), i el Reial decret 1720\/2007, de 21 de desembre, conegut com el Reglament de desenvolupament de la LOPD. Compleix tamb\u00e9 amb el Reglament (UE) 2016\/679 del Parlament Europeu i del Consell de 27 d&#8217;abril del 2016 relatiu a la protecci\u00f3 de les persones f\u00edsiques (RGPD), aix\u00ed com amb la Llei 34\/2002, d&#8217;11 de juliol, de Serveis de la Societat de la Informaci\u00f3 i Comer\u00e7 Electr\u00f2nic (LSSICE o LSSI).<\/p>\n\n<p><strong>Condicions generals d\u00fas<\/strong><\/p>\n\n<p>Aquestes Condicions Generals regulen l&#8217;\u00fas (incloent-hi el mer acc\u00e9s) de les p\u00e0gines de web, integrants del lloc web de Willysplan inclosos els continguts i serveis posats a disposici\u00f3 en elles. Tota persona que accedeixi a la web, https:\/\/willysplan.com (\u201cusuari\u201d) accepta sotmetre&#8217;s a les Condicions Generals vigents a cada moment del portal https:\/\/willysplan.com.<\/p>\n\n<p><strong>Dades personals que recull i com ho faig<\/strong><\/p>\n\n<p>Llegir <a href=\"https:\/\/www.willysplan.com\/ca\/politica-de-privadesa\">Pol\u00edtica de Privadesa<\/a> .<\/p>\n\n<p><strong>Compromisos i obligacions dels usuaris<\/strong><\/p>\n\n<p>L&#8217;usuari queda informat, i accepta, que l&#8217;acc\u00e9s a la present web no suposa, de cap manera, l&#8217;inici d&#8217;una relaci\u00f3 comercial amb Willysplan. D&#8217;aquesta manera, l&#8217;usuari es compromet a utilitzar el lloc web, els serveis i els continguts sense contravenir la legislaci\u00f3 vigent, la bona fe i l&#8217;ordre p\u00fablic.<\/p>\n\n<p>Queda prohibit l&#8217;\u00fas del web, amb fins il\u00b7l\u00edcits o lesius, o que, de qualsevol manera, puguin causar perjudici o impedir el funcionament normal del lloc web. Pel que fa als continguts d&#8217;aquesta web, es prohibeix:<\/p>\n\n<ul class=\"wp-block-list\"><li>La seva reproducci\u00f3, distribuci\u00f3 o modificaci\u00f3, total o parcial, llevat que es compti amb la meva autoritzaci\u00f3 com a leg\u00edtim titular;<\/li><li>Qualsevol vulneraci\u00f3 dels drets del prestador o de mi com a leg\u00edtim titular;<\/li><li>La seva utilitzaci\u00f3 per a fins comercials o publicitaris.<\/li><\/ul>\n<p>En la utilitzaci\u00f3 de la web, <a href=\"https:\/\/www.willysplan.com\/ca\">https:\/\/willysplan.com<\/a> l&#8217;usuari es compromet a no dur a terme <strong>cap conducta<\/strong> que pogu\u00e9s danyar la imatge, els interessos i els drets de Willysplan o de tercers o que pogu\u00e9s danyar, inutilitzar o sobrecarregar el portal <a href=\"https:\/\/www.willysplan.com\/ca\">https:\/\/willysplan.com<\/a> o que imped\u00eds, de qualsevol manera, la normal utilitzaci\u00f3 de la web.<\/p>\n\n<p>Tot i aix\u00f2, l&#8217;usuari ha de ser conscient que les mesures de seguretat dels sistemes inform\u00e0tics a Internet no s\u00f3n enterament fiables i que, per tant https:\/\/willysplan.com no pot garantir la inexist\u00e8ncia de codi malici\u00f3s o altres elements que puguin produir alteracions en els sistemes inform\u00e0tics (programari i maquinari) de l&#8217;usuari o en els seus documents electr\u00f2nics i fitxers continguts en aquests, encara que hi poso tots els mitjans necessaris i les mesures de seguretat oportunes per evitar la pres\u00e8ncia d&#8217;aquests elements nocius.<\/p>\n\n<p><strong>Anuncis patrocinats, afiliats i publicitat<\/strong><\/p>\n\n<p>Aquesta web pot oferir continguts patrocinats, anuncis i\/o enlla\u00e7os d&#8217;afiliats als usuaris.<\/p>\n\n<p>Entre els enlla\u00e7os facilitats, hi ha la possibilitat d&#8217;informar i referenciar productes i\/o serveis i\/o infoproductes. En aquests darrers casos, aquesta sol\u00b7licitud ser\u00e0 remesa a tercers, com s\u00f3n:<\/p>\n\n<ul class=\"wp-block-list\"><li>Tradedoubler, http:\/\/www.tradedoubler.com\/<\/li><li>Guide to Iceland, https:\/\/guidetoiceland.is<\/li><li>TimeOne Performance, https:\/\/performance.timeonegroup.com\/es\/<\/li><li>Trade Tracker, https:\/\/tradetracker.com\/<\/li><li>tripUniq, https:\/\/tripuniq.com<\/li><li>Amazon, https:\/\/www.amazon.es\/<\/li><li>Booking, https:\/\/www.booking.com<\/li><li>Civitatis, https:\/\/www.civitatis.com\/es\/<\/li><li>Ebay, https:\/\/www.ebay.es\/<\/li><li>Enjoy Cuba, https:\/\/www.enjoycuba.es\/<\/li><li>Get Your Guide, https:\/\/www.getyourguide.es\/<\/li><li>Hotels Combined, https:\/\/www.hotelscombined.com\/<\/li><li>Iati Seguros, https:\/\/www.iatiseguros.com\/<\/li><\/ul>\n<p>La informaci\u00f3 que apareguin en aquests enlla\u00e7os d&#8217;afiliats o els anuncis inserits, s\u00f3n facilitats pels mateixos anunciants, per la qual cosa Guillem Asensio no es fa responsable de possibles inexactituds o errors que poguessin contenir els anuncis, ni garanteix de cap manera l&#8217;experi\u00e8ncia, integritat o responsabilitat dels anunciants o la qualitat dels seus productes.<\/p>\n\n<p>Els anuncis romandran publicats al portal fins que siguin eliminats o suspesos per part de l&#8217;anunciant o de Willysplan, que l\u00f2gicament no ser\u00e0 responsable que, un cop donats de baixa a les seves bases de dades, els anuncis continu\u00efn sent indexats en cercadors aliens a aquest portal.<\/p>\n\n<p>Qualsevol relaci\u00f3 contractual o extracontractual que l&#8217;usuari formalitzi amb els anunciants, afiliats o terceres persones contactades a trav\u00e9s d&#8217;aquest portal s&#8217;entenen realitzats \u00fanicament i exclusiva entre l&#8217;usuari i l&#8217;anunciant i\/o tercera persona. L&#8217;usuari sap i accepta que https:\/\/willysplan.com \u00fanicament actua com a via o mitj\u00e0 publicitari i que per tant no t\u00e9 cap mena de responsabilitat sobre els danys o perjudicis de qualsevol naturalesa ocasionats amb motiu de les seves negociacions, converses i\/ o relacions contractuals o extracontractuals amb els anunciants o terceres persones f\u00edsiques o jur\u00eddiques contactades a trav\u00e9s daquest portal.<\/p>\n\n<p><strong>Mesures de seguretat<\/strong><\/p>\n\n<p>Les dades personals comunicades per l&#8217;usuari a Willysplan poden ser emmagatzemades en bases de dades automatitzades o no, la titularitat de les quals correspon en exclusiva a Guillem Asensio, assumint aquesta totes les mesures d&#8217;\u00edndole t\u00e8cnica, organitzativa i de seguretat que garanteixen la confidencialitat, integritat i qualitat de la informaci\u00f3 continguda en aquestes d&#8217;acord amb all\u00f2 establert a la normativa vigent en protecci\u00f3 de dades. La comunicaci\u00f3 entre els usuaris i https:\/\/willysplan.com utilitza un canal segur, i les dades transmeses s\u00f3n xifrades gr\u00e0cies a protocols a https, per tant, garanteixo les millors condicions de seguretat perqu\u00e8 la confidencialitat dels usuaris estigui garantida .<\/p>\n\n<p><strong>Plataforma de resoluci\u00f3 de conflictes<\/strong><\/p>\n\n<p>Poso tamb\u00e9 a disposici\u00f3 dels usuaris la plataforma de resoluci\u00f3 de litigis que facilita la Comissi\u00f3 Europea i que es troba disponible al seg\u00fcent enlla\u00e7: <a href=\"http:\/\/ec.europa.eu\/consumers\/odr\/\">http:\/\/ec.europa.eu\/consumers\/odr\/<\/a><\/p>\n\n<p><strong>Drets de propietat intel\u00b7lectual i industrial<\/strong><\/p>\n\n<p>En virtut del que disposen els articles 8 i 32.1, par\u00e0graf segon, de la Llei de propietat intel\u00b7lectual, queden expressament prohibides la reproducci\u00f3, la distribuci\u00f3 i la comunicaci\u00f3 p\u00fablica, inclosa la seva modalitat de posada a disposici\u00f3, de la totalitat o part dels continguts d&#8217;aquesta p\u00e0gina web, amb finalitats comercials, a qualsevol suport i per qualsevol mitj\u00e0 t\u00e8cnic, sense l&#8217;autoritzaci\u00f3 de Willysplan. L&#8217;usuari es compromet a respectar els drets de propietat intel\u00b7lectual i industrial titularitat de Willysplan.<\/p>\n\n<p>L&#8217;usuari coneix i accepta que la totalitat del lloc web, contenint sense car\u00e0cter exhaustiu el text, programari, continguts (incloent-hi estructura, selecci\u00f3, ordenaci\u00f3 i presentaci\u00f3) podcast, fotografies, material audiovisual i gr\u00e0fics, est\u00e0 protegida per marques, drets d&#8217;autor i altres drets leg\u00edtims, d&#8217;acord amb els tractats internacionals on Espanya \u00e9s part i altres drets de propietat i lleis d&#8217;Espanya.<\/p>\n\n<p>En cas que un usuari o un tercer considerin que s&#8217;ha produ\u00eft una violaci\u00f3 dels seus leg\u00edtims drets de propietat intel\u00b7lectual per la introducci\u00f3 d&#8217;un determinat contingut a la web, haur\u00e0 de notificar aquesta circumst\u00e0ncia a Willysplan indicant:<\/p>\n\n<ul class=\"wp-block-list\"><li>Dades personals de linteressat titular dels drets presumptament infringits, o indicar la representaci\u00f3 amb qu\u00e8 actua en cas que la reclamaci\u00f3 la presenti un tercer diferent de linteressat.<\/li><li>Assenyalar els continguts protegits pels drets de propietat intel\u00b7lectual i la seva ubicaci\u00f3 a la web, l&#8217;acreditaci\u00f3 dels drets de propietat intel\u00b7lectual assenyalats i declaraci\u00f3 expressa en qu\u00e8 l&#8217;interessat es responsabilitza de la veracitat de les informacions facilitades a la notificaci\u00f3.<\/li><\/ul>\n<p><strong>Enlla\u00e7os externs<\/strong><\/p>\n\n<p>Les p\u00e0gines de la web https:\/\/willysplan.com proporciona enlla\u00e7os a altres llocs web propis i continguts que s\u00f3n propietat de tercers com:<\/p>\n\n<ul class=\"wp-block-list\"><li>Recursos<\/li><li>Contingut d&#8217;altres blocs<\/li><li>Enlla\u00e7os d&#8217;afiliats<\/li><\/ul>\n<p><strong>Exclusi\u00f3 de garanties i responsable<\/strong><\/p>\n\n<p><strong>Guillem Asensio (Willysplan) no atorga cap garantia ni es fa responsable, en cap cas, dels danys i perjudicis de qualsevol naturalesa que poguessin portar causa de:<\/strong><\/p>\n\n<ul class=\"wp-block-list\"><li>La manca de disponibilitat, manteniment i efectiu funcionament de la web, o dels seus serveis i continguts;<\/li><li>L&#8217;exist\u00e8ncia de codi malici\u00f3s (malware), programes maliciosos o lesius en els continguts;<\/li><li>L&#8217;\u00fas il\u00b7l\u00edcit, negligent, fraudulent o contrari a aquest Av\u00eds Legal;<\/li><li>La manca de licitud, qualitat, fiabilitat, utilitat i disponibilitat dels serveis prestats per tercers i posats a disposici\u00f3 dels usuaris al lloc web.<\/li><li>El prestador no es fa responsable sota cap concepte dels danys que poguessin dimanar de l\u00fas il\u00b7legal o indegut de la present p\u00e0gina web.<\/li><\/ul>\n<p><strong>Llei aplicable i jurisdicci\u00f3<\/strong><\/p>\n\n<p>Amb car\u00e0cter general, les relacions entre Willysplan amb els usuaris dels seus serveis telem\u00e0tics, presents en aquesta web es troben sotmeses a la legislaci\u00f3 i jurisdicci\u00f3 espanyoles i als tribunals de Burgos.<\/p>\n\n<p><strong>Contacte<\/strong><\/p>\n\n<p>En cas que qualsevol usuari tingu\u00e9s algun dubte sobre aquestes Condicions legals o qualsevol comentari sobre el portal <a href=\"https:\/\/www.willysplan.com\/ca\">https:\/\/willysplan.com<\/a> , si us plau dirigiu-vos a <a href=\"mailto:help@willysplan.com\">help@willysplan.com<\/a> .<\/p>\n","protected":false},"excerpt":{"rendered":"<p>Dades del Responsable Identitat del Responsable: Guillem Asensio Nom comercial: Willysplan Adre\u00e7a: C\/ Tur\u00f3 Gros, 08140 Barcelona Correu electr\u00f2nic: help@willysplan.com En aquest espai, l&#8217;usuari podr\u00e0 trobar tota la informaci\u00f3 relativa als termes i condicions legals que defineixen les relacions entre els usuaris i jo com a responsable d&#8217;aquesta web. Com a usuari, \u00e9s important que&hellip;&nbsp;<a href=\"https:\/\/www.willysplan.com\/ca\/avis-legal\" rel=\"bookmark\">Llegiu m\u00e9s &raquo;<span class=\"screen-reader-text\">Av\u00eds Legal<\/span><\/a><\/p>\n","protected":false},"author":1,"featured_media":0,"parent":0,"menu_order":0,"comment_status":"closed","ping_status":"closed","template":"","meta":{"neve_meta_sidebar":"","neve_meta_container":"","neve_meta_enable_content_width":"","neve_meta_content_width":0,"neve_meta_title_alignment":"","neve_meta_author_avatar":"","neve_post_elements_order":"","neve_meta_disable_header":"","neve_meta_disable_footer":"","neve_meta_disable_title":"","_joinchat":[],"footnotes":""},"class_list":["post-15592","page","type-page","status-publish","hentry"],"yoast_head":"<!-- This site is optimized with the Yoast SEO Premium plugin v27.5 (Yoast SEO v27.5) - https:\/\/yoast.com\/product\/yoast-seo-premium-wordpress\/ -->\n<title>Av\u00eds Legal - Willy&#039;s Plan \ud83c\udf43<\/title>\n<meta name=\"robots\" content=\"noindex, nofollow\" \/>\n<meta property=\"og:locale\" content=\"ca_ES\" \/>\n<meta property=\"og:type\" content=\"article\" \/>\n<meta property=\"og:title\" content=\"Av\u00eds Legal\" \/>\n<meta property=\"og:description\" content=\"Dades del Responsable Identitat del Responsable: Guillem Asensio Nom comercial: Willysplan Adre\u00e7a: C\/ Tur\u00f3 Gros, 08140 Barcelona Correu electr\u00f2nic: help@willysplan.com En aquest espai, l&#8217;usuari podr\u00e0 trobar tota la informaci\u00f3 relativa als termes i condicions legals que defineixen les relacions entre els usuaris i jo com a responsable d&#8217;aquesta web. Com a usuari, \u00e9s important que&hellip;&nbsp;Llegiu m\u00e9s &raquo;Av\u00eds Legal\" \/>\n<meta property=\"og:url\" content=\"https:\/\/www.willysplan.com\/aviso-legal\" \/>\n<meta property=\"og:site_name\" content=\"Willy&#039;s Plan \ud83c\udf43\" \/>\n<meta property=\"article:modified_time\" content=\"2023-01-03T20:08:49+00:00\" \/>\n<meta name=\"twitter:card\" content=\"summary_large_image\" \/>\n<meta name=\"twitter:label1\" content=\"Temps estimat de lectura\" \/>\n\t<meta name=\"twitter:data1\" content=\"8 minuts\" \/>\n<script type=\"application\/ld+json\" class=\"yoast-schema-graph\">{\"@context\":\"https:\\\/\\\/schema.org\",\"@graph\":[{\"@type\":\"WebPage\",\"@id\":\"https:\\\/\\\/www.willysplan.com\\\/aviso-legal\",\"url\":\"https:\\\/\\\/www.willysplan.com\\\/aviso-legal\",\"name\":\"Av\u00eds Legal - Willy&#039;s Plan \ud83c\udf43\",\"isPartOf\":{\"@id\":\"https:\\\/\\\/www.willysplan.com\\\/#website\"},\"datePublished\":\"2020-04-17T17:57:13+00:00\",\"dateModified\":\"2023-01-03T20:08:49+00:00\",\"inLanguage\":\"ca\",\"potentialAction\":[{\"@type\":\"ReadAction\",\"target\":[\"https:\\\/\\\/www.willysplan.com\\\/aviso-legal\"]}]},{\"@type\":\"WebSite\",\"@id\":\"https:\\\/\\\/www.willysplan.com\\\/#website\",\"url\":\"https:\\\/\\\/www.willysplan.com\\\/\",\"name\":\"Willy&#039;s Plan \ud83c\udf43\",\"description\":\"Escapadas y Planes de fin de semana\",\"publisher\":{\"@id\":\"https:\\\/\\\/www.willysplan.com\\\/#organization\"},\"potentialAction\":[{\"@type\":\"SearchAction\",\"target\":{\"@type\":\"EntryPoint\",\"urlTemplate\":\"https:\\\/\\\/www.willysplan.com\\\/?s={search_term_string}\"},\"query-input\":{\"@type\":\"PropertyValueSpecification\",\"valueRequired\":true,\"valueName\":\"search_term_string\"}}],\"inLanguage\":\"ca\"},{\"@type\":\"Organization\",\"@id\":\"https:\\\/\\\/www.willysplan.com\\\/#organization\",\"name\":\"Willy&#039;s Plan \ud83c\udf43\",\"url\":\"https:\\\/\\\/www.willysplan.com\\\/\",\"logo\":{\"@type\":\"ImageObject\",\"inLanguage\":\"ca\",\"@id\":\"https:\\\/\\\/www.willysplan.com\\\/#\\\/schema\\\/logo\\\/image\\\/\",\"url\":\"https:\\\/\\\/www.willysplan.com\\\/wp-content\\\/uploads\\\/2020\\\/04\\\/cropped-logo-1.png\",\"contentUrl\":\"https:\\\/\\\/www.willysplan.com\\\/wp-content\\\/uploads\\\/2020\\\/04\\\/cropped-logo-1.png\",\"width\":332,\"height\":332,\"caption\":\"Willy&#039;s Plan \ud83c\udf43\"},\"image\":{\"@id\":\"https:\\\/\\\/www.willysplan.com\\\/#\\\/schema\\\/logo\\\/image\\\/\"}}]}<\/script>\n<!-- \/ Yoast SEO Premium plugin. -->","yoast_head_json":{"title":"Av\u00eds Legal - Willy&#039;s Plan \ud83c\udf43","robots":{"index":"noindex","follow":"nofollow"},"og_locale":"ca_ES","og_type":"article","og_title":"Av\u00eds Legal","og_description":"Dades del Responsable Identitat del Responsable: Guillem Asensio Nom comercial: Willysplan Adre\u00e7a: C\/ Tur\u00f3 Gros, 08140 Barcelona Correu electr\u00f2nic: help@willysplan.com En aquest espai, l&#8217;usuari podr\u00e0 trobar tota la informaci\u00f3 relativa als termes i condicions legals que defineixen les relacions entre els usuaris i jo com a responsable d&#8217;aquesta web. Com a usuari, \u00e9s important que&hellip;&nbsp;Llegiu m\u00e9s &raquo;Av\u00eds Legal","og_url":"https:\/\/www.willysplan.com\/aviso-legal","og_site_name":"Willy&#039;s Plan \ud83c\udf43","article_modified_time":"2023-01-03T20:08:49+00:00","twitter_card":"summary_large_image","twitter_misc":{"Temps estimat de lectura":"8 minuts"},"schema":{"@context":"https:\/\/schema.org","@graph":[{"@type":"WebPage","@id":"https:\/\/www.willysplan.com\/aviso-legal","url":"https:\/\/www.willysplan.com\/aviso-legal","name":"Av\u00eds Legal - Willy&#039;s Plan \ud83c\udf43","isPartOf":{"@id":"https:\/\/www.willysplan.com\/#website"},"datePublished":"2020-04-17T17:57:13+00:00","dateModified":"2023-01-03T20:08:49+00:00","inLanguage":"ca","potentialAction":[{"@type":"ReadAction","target":["https:\/\/www.willysplan.com\/aviso-legal"]}]},{"@type":"WebSite","@id":"https:\/\/www.willysplan.com\/#website","url":"https:\/\/www.willysplan.com\/","name":"Willy&#039;s Plan \ud83c\udf43","description":"Escapadas y Planes de fin de semana","publisher":{"@id":"https:\/\/www.willysplan.com\/#organization"},"potentialAction":[{"@type":"SearchAction","target":{"@type":"EntryPoint","urlTemplate":"https:\/\/www.willysplan.com\/?s={search_term_string}"},"query-input":{"@type":"PropertyValueSpecification","valueRequired":true,"valueName":"search_term_string"}}],"inLanguage":"ca"},{"@type":"Organization","@id":"https:\/\/www.willysplan.com\/#organization","name":"Willy&#039;s Plan \ud83c\udf43","url":"https:\/\/www.willysplan.com\/","logo":{"@type":"ImageObject","inLanguage":"ca","@id":"https:\/\/www.willysplan.com\/#\/schema\/logo\/image\/","url":"https:\/\/www.willysplan.com\/wp-content\/uploads\/2020\/04\/cropped-logo-1.png","contentUrl":"https:\/\/www.willysplan.com\/wp-content\/uploads\/2020\/04\/cropped-logo-1.png","width":332,"height":332,"caption":"Willy&#039;s Plan \ud83c\udf43"},"image":{"@id":"https:\/\/www.willysplan.com\/#\/schema\/logo\/image\/"}}]}},"_links":{"self":[{"href":"https:\/\/www.willysplan.com\/ca\/wp-json\/wp\/v2\/pages\/15592","targetHints":{"allow":["GET"]}}],"collection":[{"href":"https:\/\/www.willysplan.com\/ca\/wp-json\/wp\/v2\/pages"}],"about":[{"href":"https:\/\/www.willysplan.com\/ca\/wp-json\/wp\/v2\/types\/page"}],"author":[{"embeddable":true,"href":"https:\/\/www.willysplan.com\/ca\/wp-json\/wp\/v2\/users\/1"}],"replies":[{"embeddable":true,"href":"https:\/\/www.willysplan.com\/ca\/wp-json\/wp\/v2\/comments?post=15592"}],"version-history":[{"count":0,"href":"https:\/\/www.willysplan.com\/ca\/wp-json\/wp\/v2\/pages\/15592\/revisions"}],"wp:attachment":[{"href":"https:\/\/www.willysplan.com\/ca\/wp-json\/wp\/v2\/media?parent=15592"}],"curies":[{"name":"wp","href":"https:\/\/api.w.org\/{rel}","templated":true}]}}